{"id":2,"date":"2023-03-23T19:07:16","date_gmt":"2023-03-23T19:07:16","guid":{"rendered":"https:\/\/pages.stolaf.edu\/wimn-guides\/?page_id=2"},"modified":"2023-04-10T21:18:41","modified_gmt":"2023-04-11T02:18:41","slug":"sample-page","status":"publish","type":"page","link":"https:\/\/pages.stolaf.edu\/wimn-guides\/sample-page\/","title":{"rendered":"Ethics Standards"},"content":{"rendered":"\r\n<h1 style=\"text-align: center;\"><span style=\"color: #333399;\">Research Ethics<\/span><\/h1>\r\n<p style=\"text-align: center;\">Any research conducted with people must adhere to ethical standards. Some of these standards are the same across all research with people, and some are specific to working with immigrant groups. The research standards are based on universities&#8217; Institutional Review Board (IRB) rules and the U.S. government&#8217;s ethics guidelines.<\/p>\r\n<div id=\"attachment_62\" style=\"width: 560px\" class=\"wp-caption aligncenter\"><img loading=\"lazy\" decoding=\"async\" aria-describedby=\"caption-attachment-62\" class=\"wp-image-62 \" src=\"https:\/\/pages.stolaf.edu\/wimn-guides\/wp-content\/uploads\/sites\/1680\/2023\/04\/20.-Holland-Fall-300x200.jpg\" alt=\"\" width=\"550\" height=\"366\" srcset=\"https:\/\/pages.stolaf.edu\/wimn-guides\/wp-content\/uploads\/sites\/1680\/2023\/04\/20.-Holland-Fall-300x200.jpg 300w, https:\/\/pages.stolaf.edu\/wimn-guides\/wp-content\/uploads\/sites\/1680\/2023\/04\/20.-Holland-Fall-1024x683.jpg 1024w, https:\/\/pages.stolaf.edu\/wimn-guides\/wp-content\/uploads\/sites\/1680\/2023\/04\/20.-Holland-Fall-150x100.jpg 150w, https:\/\/pages.stolaf.edu\/wimn-guides\/wp-content\/uploads\/sites\/1680\/2023\/04\/20.-Holland-Fall-768x512.jpg 768w, https:\/\/pages.stolaf.edu\/wimn-guides\/wp-content\/uploads\/sites\/1680\/2023\/04\/20.-Holland-Fall-1536x1024.jpg 1536w, https:\/\/pages.stolaf.edu\/wimn-guides\/wp-content\/uploads\/sites\/1680\/2023\/04\/20.-Holland-Fall-2048x1366.jpg 2048w, https:\/\/pages.stolaf.edu\/wimn-guides\/wp-content\/uploads\/sites\/1680\/2023\/04\/20.-Holland-Fall-624x416.jpg 624w\" sizes=\"auto, (max-width: 550px) 100vw, 550px\" \/><p id=\"caption-attachment-62\" class=\"wp-caption-text\">Holland Hall, St. Olaf College, 2011.<\/p><\/div>\r\n<h2 style=\"text-align: center;\"><span style=\"color: #333399;\">General Ethical Considerations<\/span><\/h2>\r\n<p>Respect, beneficence, and justice \u2014 these are the three ethical principles of research which guide governmental and academic research with people. The principles and their definitions come from the Belmont Report, issued by the U.S. government in 1979. The explanations are derived from St. Olaf College\u2019s Institutional Review Board guidelines.<\/p>\r\n<p><strong>Respect:<\/strong> \u201cindividuals should be treated as autonomous agents, and second, that persons with diminished autonomy are entitled to protection. People should be able to make fully informed and voluntary decisions to participate in any study, and they should be in charge of how information about them is shared. This is called informed consent.<\/p>\r\n<p><strong>Beneficence:<\/strong> \u201cPersons are treated in an ethical manner not only by respecting their decisions and protecting them from harm, but also by making efforts to secure their well-being.\u201d In practice, beneficence means \u201cdo not harm and maximize possible benefits and minimize possible harms.\u201d Protect the well-being of participants.<\/p>\r\n<p><strong>Justice:<\/strong> \u201c\u2018fairness in distribution\u2019 or \u2018what is deserved.\u2019\u201d In practice, justice means \u201c(1) to each person an equal share, (2) to each person according to individual need, (3) to each person according to individual effort, (4) to each person according to societal contribution, and (5) to each person according to merit.\u201d Research should not replicate or uphold injustices, and no group should be advantaged or disadvantaged in the study.<\/p>\r\n<div id=\"attachment_65\" style=\"width: 561px\" class=\"wp-caption aligncenter\"><img loading=\"lazy\" decoding=\"async\" aria-describedby=\"caption-attachment-65\" class=\" wp-image-65\" src=\"https:\/\/pages.stolaf.edu\/wimn-guides\/wp-content\/uploads\/sites\/1680\/2023\/04\/Steensland-Interior-229-300x200.jpg\" alt=\"\" width=\"551\" height=\"367\" srcset=\"https:\/\/pages.stolaf.edu\/wimn-guides\/wp-content\/uploads\/sites\/1680\/2023\/04\/Steensland-Interior-229-300x200.jpg 300w, https:\/\/pages.stolaf.edu\/wimn-guides\/wp-content\/uploads\/sites\/1680\/2023\/04\/Steensland-Interior-229-1024x683.jpg 1024w, https:\/\/pages.stolaf.edu\/wimn-guides\/wp-content\/uploads\/sites\/1680\/2023\/04\/Steensland-Interior-229-150x100.jpg 150w, https:\/\/pages.stolaf.edu\/wimn-guides\/wp-content\/uploads\/sites\/1680\/2023\/04\/Steensland-Interior-229-768x512.jpg 768w, https:\/\/pages.stolaf.edu\/wimn-guides\/wp-content\/uploads\/sites\/1680\/2023\/04\/Steensland-Interior-229-1536x1024.jpg 1536w, https:\/\/pages.stolaf.edu\/wimn-guides\/wp-content\/uploads\/sites\/1680\/2023\/04\/Steensland-Interior-229-2048x1366.jpg 2048w, https:\/\/pages.stolaf.edu\/wimn-guides\/wp-content\/uploads\/sites\/1680\/2023\/04\/Steensland-Interior-229-624x416.jpg 624w\" sizes=\"auto, (max-width: 551px) 100vw, 551px\" \/><p id=\"caption-attachment-65\" class=\"wp-caption-text\">Steenland Hall, St. Olaf College, Evan Pak 2022.<\/p><\/div>\r\n\r\n\r\n\r\n<h3><strong>Practical applications<\/strong><\/h3>\r\n<p>Applying the principles of respect, beneficence, and justice (these are adapted from St. Olaf College&#8217;s Institutional Review Board):<\/p>\r\n<ol>\r\n<li>Minimize risks to participants.<\/li>\r\n<li>Acknowledge the costs of participating, including the time people put in.<\/li>\r\n<li>Respect participants\u2019 privacy.<\/li>\r\n<li>Provide complete and understandable information to participants.<\/li>\r\n<li>Honor agreements made with participants.<\/li>\r\n<li>Seek fairness and do not impose undue burdens on or provide unfair advantages to any group.<\/li>\r\n<li>If participants are part of a vulnerable group, such as children, people who are educationally or economically disadvantaged, or people in hospitals, prisons, or nursing homes, more extensive guidelines around informed consent apply.<\/li>\r\n<li>Ensure questions, procedures, and actions are appropriate to the participants\u2019 cultural and community context.<\/li>\r\n<\/ol>\r\n<h3><span style=\"color: #333399;\"><strong>Resources<\/strong><\/span><\/h3>\r\n<p><a href=\"https:\/\/www.hhs.gov\/ohrp\/regulations-and-policy\/belmont-report\/read-the-belmont-report\/index.html#xbasic\">Belmont Report<\/a><br \/><a href=\"https:\/\/wp.stolaf.edu\/irb\/\">St. Olaf Institutional Review Board<\/a><br \/><a href=\"https:\/\/wp.stolaf.edu\/irb\/ethics-plan-and-related-forms\/\">Consent Form Recommendations<\/a><\/p>\r\n<h2 style=\"text-align: center;\"><span style=\"color: #333399;\">Ethical Considerations when Working with Immigrants<\/span><\/h2>\r\n<ol>\r\n<li>Acknowledge and evaluate implicit assumptions with each immigrant community that you are working with.<\/li>\r\n<li>Among immigrant groups, there are numerous pockets of hard-to-reach participants such as migrant workers, undocumented individuals, non-English speakers, and federally persecuted individuals.<\/li>\r\n<li>All IRB Informed and Consent requirements apply to the immigrant community.<\/li>\r\n<li>Consider possible barriers that may prevent your immigrant neighbors from fully participating in your research \u2014 you may need to consider providing an interpreter, transportation, or a physically accessible meeting location among other things.<\/li>\r\n<\/ol>\r\n<div id=\"attachment_75\" style=\"width: 375px\" class=\"wp-caption aligncenter\"><img loading=\"lazy\" decoding=\"async\" aria-describedby=\"caption-attachment-75\" class=\" wp-image-75\" src=\"https:\/\/pages.stolaf.edu\/wimn-guides\/wp-content\/uploads\/sites\/1680\/2023\/04\/Boe-Chapel-199x300.jpg\" alt=\"\" width=\"365\" height=\"550\" srcset=\"https:\/\/pages.stolaf.edu\/wimn-guides\/wp-content\/uploads\/sites\/1680\/2023\/04\/Boe-Chapel-199x300.jpg 199w, https:\/\/pages.stolaf.edu\/wimn-guides\/wp-content\/uploads\/sites\/1680\/2023\/04\/Boe-Chapel-678x1024.jpg 678w, https:\/\/pages.stolaf.edu\/wimn-guides\/wp-content\/uploads\/sites\/1680\/2023\/04\/Boe-Chapel-99x150.jpg 99w, https:\/\/pages.stolaf.edu\/wimn-guides\/wp-content\/uploads\/sites\/1680\/2023\/04\/Boe-Chapel-768x1160.jpg 768w, https:\/\/pages.stolaf.edu\/wimn-guides\/wp-content\/uploads\/sites\/1680\/2023\/04\/Boe-Chapel-1017x1536.jpg 1017w, https:\/\/pages.stolaf.edu\/wimn-guides\/wp-content\/uploads\/sites\/1680\/2023\/04\/Boe-Chapel-1356x2048.jpg 1356w, https:\/\/pages.stolaf.edu\/wimn-guides\/wp-content\/uploads\/sites\/1680\/2023\/04\/Boe-Chapel-624x942.jpg 624w, https:\/\/pages.stolaf.edu\/wimn-guides\/wp-content\/uploads\/sites\/1680\/2023\/04\/Boe-Chapel.jpg 1695w\" sizes=\"auto, (max-width: 365px) 100vw, 365px\" \/><p id=\"caption-attachment-75\" class=\"wp-caption-text\">Boe Chapel, St. Olaf College, 2019.<\/p><\/div>\r\n<h2 style=\"text-align: center;\"><span style=\"color: #333399;\">The Ethics of Sharing Research<\/span><\/h2>\r\n<p>While there are many points that need to be taken into consideration when sharing research data, it is not to say that it is still not important for the progression of these research topics. Researchers must prioritize research participants\u2019 comfort and make intentional decisions at the beginning of the research process. If researchers are interested in data sharing, research participants should be active members of the discussion.<\/p>\r\n<h3>Consent<\/h3>\r\n<p>Get consent to retain and share data (Meyer 2018). Data sharing needs to be clear with whom they are sharing their information with (which institutions). Consent for sharing data with one person or institution does not always extend to others always (Clark-Kazak 2021). It is crucial to respect the comfort of research participants. Trust between researchers and institutions is crucial in order to have good governance when sharing data (Clark 2019).<\/p>\r\n<h3>Effect<\/h3>\r\n<p>Only share information with careful consideration to the harm it could potentially cause (does it outweigh the benefits of sharing data?) (Kirilova 2017).<\/p>\r\n<p>Any \u201canonymous\u201d dataset could easily be identifiable depending on the variables that are listed and their identity\u2019s rarity of them, including but not limited to full birthdays, zip codes, etc (Meyer 2018). Do not conduct research materials regarding personal information unless it is absolutely necessary for the research, so all information must be for the study. This will put the research participant in danger (Kirilova 2017). It is also important to consider the effects of sharing data of a particular group, specifically the response that the public (or whomever the audience is) will have to the research findings (Cooper 2007).<\/p>\r\n<p>Researchers should consider each case individually. (\u201cEthics boards should consider each case in its own complexity, seeking always to balance the need to protect participants from harm with the social value of the research\u201d Cooper 2007, 14).<\/p>\r\n<h3>Transparency<\/h3>\r\n<p>If sharing data is important for the particular research topic, this should be mentioned at the beginning of the research stage with participants. It is crucial for the intention of data sharing to be introduced at the beginning of the research process. This way research participants know exactly what the research entails (Kirilova 2017). It is crucial that the format and audience receiving the data is clear at the start of the research and discussed with the participants (Cooper 2007).<\/p>\r\n<p><strong>\u201cHow:\u201d<\/strong> the sharing partakes is important to consider, for example, informal discussions, community presentations, and formal reports (10).<\/p>\r\n<p><strong>\u201cWith whom:&#8221;<\/strong> respect is crucial. \u201cFor example, community leaders may not share the materials with others but may use them for their own benefit or to oppress community members. In some situations, dis- trust of community authorities by ordinary people may be so great that reporting research data or results to them (which may be required by the government) may endanger the researcher\u201d (Cooper 2007, 12). \u201cThus, when categories of people are being studied researchers will need considerable ingenuity to find appropriate ways of returning research results and to ensure that the risks of doing so are mitigated\u201d (Cooper 2007, 12).<\/p>\r\n<p>The IRB agreement should clearly state intentions regarding data sharing (or data destruction, which would need to be justified in some way) (Meyer 2018).<\/p>\r\n<p>\u201cEthical issues become more complicated if data is collected from children and teenagers because, under international law, children and young adults cannot make independent decisions, meaning parents must grant consent. It is unethical to make data public without initial clearance from research participants. Sharing some data could harm people or may cause public uproar if it reaches those who may be aggrieved by such data\u201d (Chawinga 2019, 118).<\/p>\r\n<div id=\"attachment_79\" style=\"width: 560px\" class=\"wp-caption aligncenter\"><img loading=\"lazy\" decoding=\"async\" aria-describedby=\"caption-attachment-79\" class=\" wp-image-79\" src=\"https:\/\/pages.stolaf.edu\/wimn-guides\/wp-content\/uploads\/sites\/1680\/2023\/04\/20221012-FSR_9394-300x199.jpg\" alt=\"\" width=\"550\" height=\"365\" srcset=\"https:\/\/pages.stolaf.edu\/wimn-guides\/wp-content\/uploads\/sites\/1680\/2023\/04\/20221012-FSR_9394-300x199.jpg 300w, https:\/\/pages.stolaf.edu\/wimn-guides\/wp-content\/uploads\/sites\/1680\/2023\/04\/20221012-FSR_9394-1024x678.jpg 1024w, https:\/\/pages.stolaf.edu\/wimn-guides\/wp-content\/uploads\/sites\/1680\/2023\/04\/20221012-FSR_9394-150x99.jpg 150w, https:\/\/pages.stolaf.edu\/wimn-guides\/wp-content\/uploads\/sites\/1680\/2023\/04\/20221012-FSR_9394-768x509.jpg 768w, https:\/\/pages.stolaf.edu\/wimn-guides\/wp-content\/uploads\/sites\/1680\/2023\/04\/20221012-FSR_9394-1536x1017.jpg 1536w, https:\/\/pages.stolaf.edu\/wimn-guides\/wp-content\/uploads\/sites\/1680\/2023\/04\/20221012-FSR_9394-2048x1356.jpg 2048w, https:\/\/pages.stolaf.edu\/wimn-guides\/wp-content\/uploads\/sites\/1680\/2023\/04\/20221012-FSR_9394-624x413.jpg 624w\" sizes=\"auto, (max-width: 550px) 100vw, 550px\" \/><p id=\"caption-attachment-79\" class=\"wp-caption-text\">Boe Chapel, St. Olaf College, Fall Shots, Lakaia Thornton, 2019.<\/p><\/div>\r\n<h2 style=\"text-align: center;\"><span style=\"color: #333399;\">Bibliography<\/span>\u00a0<\/h2>\r\n<div class=\"csl-bib-body\">\r\n<div class=\"csl-entry\">Chawinga, Winner Dominic, and Sandy Zinn. 2019. \u201cGlobal Perspectives of Research Data Sharing: A Systematic Literature Review.\u201d <i>Library &amp; Information Science Research<\/i> 41 (2): 109\u201322. <a href=\"https:\/\/doi.org\/10.1016\/j.lisr.2019.04.004\">https:\/\/doi.org\/10.1016\/j.lisr.2019.04.004<\/a>.<\/div>\r\n<div>\u00a0<\/div>\r\n<div class=\"csl-entry\">Clark, Karin, Matt Duckham, Marilys Guillemin, Assunta Hunter, Jodie McVernon, Christine O\u2019Keefe, Cathy Pitkin, et al. 2019. \u201cAdvancing the Ethical Use of Digital Data in Human Research: Challenges and Strategies to Promote Ethical Practice.\u201d <i>Ethics and Information Technology<\/i> 21 (1): 59\u201373. <a href=\"https:\/\/doi.org\/10.1007\/s10676-018-9490-4\">https:\/\/doi.org\/10.1007\/s10676-018-9490-4<\/a>.<\/div>\r\n<div>\u00a0<\/div>\r\n<div class=\"csl-entry\">Clark-Kazak, Christina. 2021. \u201cEthics in Forced Migration Research: Taking Stock and Potential Ways Forward.\u201d <i>Journal on Migration and Human Security<\/i> 9 (3): 125\u201338. <a href=\"https:\/\/doi.org\/10.1177\/23315024211034401\">https:\/\/doi.org\/10.1177\/23315024211034401<\/a>.<\/div>\r\n<div>\u00a0<\/div>\r\n<div class=\"csl-entry\">Cooper, Matthew. 2007. \u201cSharing Data and Results in Ethnographic Research: Why This Should Not Be an Ethical Imperative.\u201d <i>Journal of Empirical Research on Human Research Ethics<\/i> 2 (1): 3\u201319. <a href=\"https:\/\/doi.org\/10.1525\/jer.2007.2.1.3\">https:\/\/doi.org\/10.1525\/jer.2007.2.1.3<\/a>.<\/div>\r\n<div>\u00a0<\/div>\r\n<div class=\"csl-entry\">\u201cEthics Plan and Related Forms \u2013 Institutional Review Board.\u201d n.d. Accessed March 18, 2023. <a href=\"https:\/\/wp.stolaf.edu\/irb\/ethics-plan-and-related-forms\/\">https:\/\/wp.stolaf.edu\/irb\/ethics-plan-and-related-forms\/<\/a>.<\/div>\r\n<div>\u00a0<\/div>\r\n<div class=\"csl-entry\">Hern\u00e1ndez, Mar\u00eda G, Jacqueline Nguyen, Saskias Casanova, Carola Su\u00e1rez\u2010Orozco, and Carrie L Saetermoe. 2013. \u201cDoing No Harm and Getting It Right: Guidelines for Ethical Research with Immigrant Communities.\u201d <i>New Directions for Child and Adolescent Development<\/i> 2013 (141): 43\u201360.<\/div>\r\n<div>\u00a0<\/div>\r\n<div class=\"csl-entry\">Kirilova, Dessi, and Sebastian Karcher. 2017. \u201cRethinking Data Sharing and Human Participant Protection in Social Science Research: Applications from the Qualitative Realm.\u201d <i>Data Science Journal<\/i> 16. <a href=\"https:\/\/doi.org\/10.5334\/dsj-2017-043\">https:\/\/doi.org\/10.5334\/dsj-2017-043<\/a>.<\/div>\r\n<div>\u00a0<\/div>\r\n<div class=\"csl-entry\">McLaughlin, Robert H, and Theresa Alfaro-Velcamp. 2015. \u201cThe Vulnerability of Immigrants in Research: Enhancing Protocol Development and Ethics Review.\u201d <i>Journal of Academic Ethics<\/i> 13: 27\u201343.<\/div>\r\n<div>\u00a0<\/div>\r\n<div class=\"csl-entry\">Meyer, Michelle N. 2018. \u201cPractical Tips for Ethical Data Sharing.\u201d <i>Advances in Methods and Practices in Psychological Science<\/i> 1 (1): 131\u201344. <a href=\"https:\/\/doi.org\/10.1177\/2515245917747656\">https:\/\/doi.org\/10.1177\/2515245917747656<\/a>.<\/div>\r\n<div>\u00a0<\/div>\r\n<div class=\"csl-entry\">National Commission for the Protection of Human Subjects of Biomedical and Behavioral Research. 1979. \u201cThe Belmont Report.\u201d Text. Department of Health, Education, and Welfare. <a href=\"https:\/\/www.hhs.gov\/ohrp\/regulations-and-policy\/belmont-report\/read-the-belmont-report\/index.html\">https:\/\/www.hhs.gov\/ohrp\/regulations-and-policy\/belmont-report\/read-the-belmont-report\/index.html<\/a>.<\/div>\r\n<div>\u00a0<\/div>\r\n<div class=\"csl-entry\">St. Olaf College. 2012. \u201cInquiry Projects Involving People: Ethical Principles, Practical Applications, and Investigator Obligations.\u201d December 2012. <a href=\"https:\/\/wp.stolaf.edu\/irb\/ethics-training-requirements-and-instructional-materials\/\">https:\/\/wp.stolaf.edu\/irb\/ethics-training-requirements-and-instructional-materials\/<\/a>.<\/div>\r\n<\/div>\r\n\r\n\r\n","protected":false},"excerpt":{"rendered":"<p>Research Ethics Any research conducted with people must adhere to ethical standards. Some of these standards are the same across all research with people, and some are specific to working with immigrant groups. The research standards are based on universities&#8217; Institutional Review Board (IRB) rules and the U.S. government&#8217;s ethics guidelines. General Ethical Considerations Respect, [&hellip;]<\/p>\n","protected":false},"author":5068,"featured_media":0,"parent":0,"menu_order":1,"comment_status":"closed","ping_status":"open","template":"","meta":{"footnotes":""},"class_list":["post-2","page","type-page","status-publish","hentry"],"_links":{"self":[{"href":"https:\/\/pages.stolaf.edu\/wimn-guides\/wp-json\/wp\/v2\/pages\/2","targetHints":{"allow":["GET"]}}],"collection":[{"href":"https:\/\/pages.stolaf.edu\/wimn-guides\/wp-json\/wp\/v2\/pages"}],"about":[{"href":"https:\/\/pages.stolaf.edu\/wimn-guides\/wp-json\/wp\/v2\/types\/page"}],"author":[{"embeddable":true,"href":"https:\/\/pages.stolaf.edu\/wimn-guides\/wp-json\/wp\/v2\/users\/5068"}],"replies":[{"embeddable":true,"href":"https:\/\/pages.stolaf.edu\/wimn-guides\/wp-json\/wp\/v2\/comments?post=2"}],"version-history":[{"count":17,"href":"https:\/\/pages.stolaf.edu\/wimn-guides\/wp-json\/wp\/v2\/pages\/2\/revisions"}],"predecessor-version":[{"id":123,"href":"https:\/\/pages.stolaf.edu\/wimn-guides\/wp-json\/wp\/v2\/pages\/2\/revisions\/123"}],"wp:attachment":[{"href":"https:\/\/pages.stolaf.edu\/wimn-guides\/wp-json\/wp\/v2\/media?parent=2"}],"curies":[{"name":"wp","href":"https:\/\/api.w.org\/{rel}","templated":true}]}}