{"id":132,"date":"2016-11-16T16:46:26","date_gmt":"2016-11-16T22:46:26","guid":{"rendered":"https:\/\/pages.stolaf.edu\/niemisto\/?page_id=132"},"modified":"2016-11-29T16:33:00","modified_gmt":"2016-11-29T22:33:00","slug":"other-finnish-archives","status":"publish","type":"page","link":"https:\/\/pages.stolaf.edu\/niemisto\/finnish-band-research\/other-finnish-archives\/","title":{"rendered":"Other Finnish Archives"},"content":{"rendered":"<p>[et_pb_section admin_label=&#8221;section&#8221;][et_pb_row admin_label=&#8221;row&#8221;][et_pb_column type=&#8221;4_4&#8243;][et_pb_text admin_label=&#8221;Title&#8221; background_layout=&#8221;light&#8221; text_orientation=&#8221;center&#8221; header_line_height=&#8221;2em&#8221; background_color=&#8221;rgba(81,143,193,0.81)&#8221; use_border_color=&#8221;off&#8221; border_color=&#8221;#ffffff&#8221; border_style=&#8221;solid&#8221;]<\/p>\n<h1>Finnish Brass Band Music Archives<\/h1>\n<p>[\/et_pb_text][et_pb_image admin_label=&#8221;Image&#8221; src=&#8221;https:\/\/pages.stolaf.edu\/wp-content\/uploads\/sites\/852\/2016\/11\/Louhi-Band-Monessen-Pa-1-e1479337173369.jpg&#8221; show_in_lightbox=&#8221;off&#8221; url_new_window=&#8221;off&#8221; use_overlay=&#8221;off&#8221; animation=&#8221;left&#8221; sticky=&#8221;off&#8221; align=&#8221;center&#8221; force_fullwidth=&#8221;off&#8221; always_center_on_mobile=&#8221;on&#8221; use_border_color=&#8221;off&#8221; border_color=&#8221;#ffffff&#8221; border_style=&#8221;solid&#8221;] [\/et_pb_image][et_pb_text admin_label=&#8221;Text&#8221; background_layout=&#8221;light&#8221; text_orientation=&#8221;center&#8221; use_border_color=&#8221;off&#8221; border_color=&#8221;#ffffff&#8221; border_style=&#8221;solid&#8221;]<\/p>\n<h5 style=\"text-align: center\">Louhi Finnish Band &#8211; Monessen Pennsylvania<\/h5>\n<p>[\/et_pb_text][et_pb_text admin_label=&#8221;Text&#8221; background_layout=&#8221;light&#8221; text_orientation=&#8221;left&#8221; use_border_color=&#8221;off&#8221; border_color=&#8221;#ffffff&#8221; border_style=&#8221;solid&#8221;]<\/p>\n<p><a href=\"https:\/\/pages.stolaf.edu\/wp-content\/uploads\/sites\/852\/2016\/11\/HelsinginTorvisoittokunta15ptscores.pdf\">Helsinki Brass Band Collection Overview<\/a><\/p>\n<p><a href=\"https:\/\/pages.stolaf.edu\/wp-content\/uploads\/sites\/852\/2016\/11\/Jyva\u0308skyla\u0308SchaumannLargeBook@0.pdf\">Jyv\u00e4skyl\u00e4 Schaumann Factory Band Large Book Inventory<\/a><\/p>\n<p><a href=\"https:\/\/pages.stolaf.edu\/wp-content\/uploads\/sites\/852\/2016\/11\/Jyva\u0308skyla\u0308SchaumannSmallBook@0.pdf\">Jyv\u00e4skyl\u00e4 Schaumann Factory Band Small Book Inventory<\/a><\/p>\n<p><a href=\"https:\/\/pages.stolaf.edu\/wp-content\/uploads\/sites\/852\/2016\/11\/Riihima\u0308kiLasitehdasSoittokunta.pdf\">Riihim\u00e4ki Glass Factory Band Inventory<\/a><\/p>\n<p><a href=\"https:\/\/pages.stolaf.edu\/wp-content\/uploads\/sites\/852\/2016\/11\/SibeliusMuseum15PtScoreSelect.pdf\">Sibelius Museum 15 Part Selected Collection<\/a><\/p>\n<p><a href=\"https:\/\/pages.stolaf.edu\/wp-content\/uploads\/sites\/852\/2016\/11\/Taipaleinventory.pdf\">Victor Taipale Collection (Helsinki Library)<\/a><\/p>\n<p>&nbsp;<\/p>\n<p>&nbsp;<\/p>\n<p>[\/et_pb_text][\/et_pb_column][\/et_pb_row][\/et_pb_section]<\/p>\n","protected":false},"excerpt":{"rendered":"<p>Finnish Brass Band Music Archives Louhi Finnish Band &#8211; Monessen Pennsylvania Helsinki Brass Band Collection Overview Jyv\u00e4skyl\u00e4 Schaumann Factory Band Large Book Inventory Jyv\u00e4skyl\u00e4 Schaumann Factory Band Small Book Inventory Riihim\u00e4ki Glass Factory Band Inventory Sibelius Museum 15 Part Selected Collection Victor Taipale Collection (Helsinki Library) &nbsp; &nbsp;<\/p>\n","protected":false},"author":740,"featured_media":0,"parent":16,"menu_order":0,"comment_status":"closed","ping_status":"closed","template":"","meta":{"_et_pb_use_builder":"on","_et_pb_old_content":"","_et_gb_content_width":"","footnotes":""},"class_list":["post-132","page","type-page","status-publish","hentry"],"_links":{"self":[{"href":"https:\/\/pages.stolaf.edu\/niemisto\/wp-json\/wp\/v2\/pages\/132","targetHints":{"allow":["GET"]}}],"collection":[{"href":"https:\/\/pages.stolaf.edu\/niemisto\/wp-json\/wp\/v2\/pages"}],"about":[{"href":"https:\/\/pages.stolaf.edu\/niemisto\/wp-json\/wp\/v2\/types\/page"}],"author":[{"embeddable":true,"href":"https:\/\/pages.stolaf.edu\/niemisto\/wp-json\/wp\/v2\/users\/740"}],"replies":[{"embeddable":true,"href":"https:\/\/pages.stolaf.edu\/niemisto\/wp-json\/wp\/v2\/comments?post=132"}],"version-history":[{"count":7,"href":"https:\/\/pages.stolaf.edu\/niemisto\/wp-json\/wp\/v2\/pages\/132\/revisions"}],"predecessor-version":[{"id":200,"href":"https:\/\/pages.stolaf.edu\/niemisto\/wp-json\/wp\/v2\/pages\/132\/revisions\/200"}],"up":[{"embeddable":true,"href":"https:\/\/pages.stolaf.edu\/niemisto\/wp-json\/wp\/v2\/pages\/16"}],"wp:attachment":[{"href":"https:\/\/pages.stolaf.edu\/niemisto\/wp-json\/wp\/v2\/media?parent=132"}],"curies":[{"name":"wp","href":"https:\/\/api.w.org\/{rel}","templated":true}]}}