{"id":39,"date":"2023-07-12T05:59:43","date_gmt":"2023-07-12T10:59:43","guid":{"rendered":"https:\/\/pages.stolaf.edu\/lwf-refugee-service\/?page_id=39"},"modified":"2025-06-30T11:39:17","modified_gmt":"2025-06-30T16:39:17","slug":"research-resources","status":"publish","type":"page","link":"https:\/\/pages.stolaf.edu\/lwf-refugee-service\/research-resources\/","title":{"rendered":"Research Resources"},"content":{"rendered":"<p>[et_pb_section fb_built=&#8221;1&#8243; _builder_version=&#8221;4.25.1&#8243; _module_preset=&#8221;default&#8221; background_color=&#8221;#FFFFF0&#8243; global_colors_info=&#8221;{}&#8221; custom_margin=&#8221;||-64px|||&#8221;][et_pb_row column_structure=&#8221;2_5,3_5&#8243; _builder_version=&#8221;4.21.0&#8243; _module_preset=&#8221;default&#8221; global_colors_info=&#8221;{}&#8221;][et_pb_column type=&#8221;2_5&#8243; _builder_version=&#8221;4.21.0&#8243; _module_preset=&#8221;default&#8221; global_colors_info=&#8221;{}&#8221;][et_pb_image src=&#8221;https:\/\/pages.stolaf.edu\/lwf-refugee-service\/wp-content\/uploads\/sites\/1702\/2023\/09\/IMG-4256-1.jpg&#8221; alt=&#8221;Landeskirchliches Archiv Hannover&#8221; title_text=&#8221;Landeskirchliches Archiv Hannover&#8221; _builder_version=&#8221;4.22.2&#8243; _module_preset=&#8221;default&#8221; custom_margin=&#8221;100px||||false|false&#8221; box_shadow_style=&#8221;preset3&#8243; global_colors_info=&#8221;{}&#8221;][\/et_pb_image][\/et_pb_column][et_pb_column type=&#8221;3_5&#8243; _builder_version=&#8221;4.21.0&#8243; _module_preset=&#8221;default&#8221; global_colors_info=&#8221;{}&#8221;][et_pb_text admin_label=&#8221;Acknowledgements&#8221; _builder_version=&#8221;4.23.1&#8243; _module_preset=&#8221;default&#8221; global_colors_info=&#8221;{}&#8221;]<\/p>\n<h2>Research Resources<\/h2>\n<p>For their assistance in identifying, locating and accessing primary and secondary resources for this online exhibition, heartfelt thanks go to the following institutions and individuals:<\/p>\n<p>&nbsp;<\/p>\n<h4>Institutions:<\/h4>\n<ul>\n<li><a href=\"http:\/\/stolaf.edu\/library\">Rolvaag Memorial Library and Rare Book Room, St. Olaf College<\/a><\/li>\n<li><a href=\"https:\/\/wp.stolaf.edu\/kierkegaard\/\">Howard and Edna Hong Kierkegaard Library, St. Olaf College<\/a><\/li>\n<li><a href=\"https:\/\/wp.stolaf.edu\/lutherancenter\/\">Lutheran Center for Faith, Values and Community, St. Olaf College<\/a><\/li>\n<li><a href=\"https:\/\/naha.stolaf.edu\/\">Norwegian-American Historical Association<\/a><\/li>\n<li><a href=\"https:\/\/www.elca.org\/archives\">Evangelical Lutheran Church in America Archives, Elk Grove Village, IL<\/a><\/li>\n<li><a href=\"https:\/\/www.luthersem.edu\/archives\/archives-collections\/\">Luther Seminary Archives, St. Paul, MN<\/a><\/li>\n<li><a href=\"https:\/\/www.landeskirchlichesarchiv-hannover.de\/\">Landeskirchliches Archiv Hannover, Germany<\/a><\/li>\n<li>Archiv der Evangelische Kirche A.u.H.B. in \u00d6sterreich, Vienna, Austria<\/li>\n<li><a href=\"https:\/\/www.lutheranworld.org\/archive\">Lutheran World Federation Archives, Geneva, Switzerland<\/a><\/li>\n<li><a href=\"https:\/\/archives.un.org\/\">United Nations Archives, Geneva, Switzerland<\/a><\/li>\n<li><a href=\"https:\/\/stjohnsnorthfield.org\/\">St. John&#8217;s Lutheran Church, Northfield, MN<\/a><\/li>\n<li><a href=\"http:\/\/www.northfieldhistory.org\/\">Northfield Historical Society, Northfield, MN<\/a><\/li>\n<li><a href=\"https:\/\/www.lib.umn.edu\/collections\/special\/ihrca\">Immigration History Research Center Archives, University of Minnesota, Minneapolis, MN<\/a><\/li>\n<\/ul>\n<h4>Individuals:<\/h4>\n<ul>\n<li>Nathan and Rolf Anderson, sons of James and Elise Anderson<\/li>\n<li>Beatrice Bengtsson, LWF Archivist<\/li>\n<li>Jill Fisher, Special Collections Coordinator for the Hong Kierkegaard Library, St. Olaf College<\/li>\n<li>Dr. Mark A. Granquist, Luther Seminary, St. Paul, MN<\/li>\n<li>Erik Hong, son of Howard and Edna Hong<\/li>\n<li>Prof. em. DeAne Lagerquist, St. Olaf College<\/li>\n<li>Christian von Plate-Stralenheim and Isemarie Waechter<\/li>\n<li>John Pl\u016bme, author and former resident of Insula Displaced Persons Camp<\/li>\n<li>Prof. em. Joseph Shaw, St. Olaf College<\/li>\n<li>Eileen Shimota, Assistant Director of the Hong Kierkegaard Library, St. Olaf College<\/li>\n<li>Prof. em. Mary Solberg, Gustavus Adolphus College, daughter of LWF Representative Richard Solberg<\/li>\n<li>Joel Thoreson, ELCA Archivist<\/li>\n<li>Kristina Warner, NAHA Archivist<\/li>\n<li>Velta Zadins, daughter of watercolor artist, Valdis Lauva<\/li>\n<\/ul>\n<p>[\/et_pb_text][\/et_pb_column][\/et_pb_row][\/et_pb_section][et_pb_section fb_built=&#8221;1&#8243; _builder_version=&#8221;4.25.1&#8243; _module_preset=&#8221;default&#8221; background_color=&#8221;#FFFFF0&#8243; global_colors_info=&#8221;{}&#8221;][et_pb_row _builder_version=&#8221;4.21.0&#8243; _module_preset=&#8221;default&#8221; global_colors_info=&#8221;{}&#8221;][et_pb_column type=&#8221;4_4&#8243; _builder_version=&#8221;4.21.0&#8243; _module_preset=&#8221;default&#8221; global_colors_info=&#8221;{}&#8221;][et_pb_text _builder_version=&#8221;4.23.1&#8243; _module_preset=&#8221;default&#8221; global_colors_info=&#8221;{}&#8221;]<\/p>\n<h1>Bibliography of Published Works<\/h1>\n<p>&nbsp;<\/p>\n<p>Achtelstetter, Karin, Miriam Reidy-Prost, and Lutheran World Federation. <em>Our Daily Bread: Communication as a Mission and Ministry of the Church. <\/em>Documentation;\u00a0No. 55. Minneapolis: Lutheran University Press, 2010.<\/p>\n<p>Achtelstetter, Karin, Frederick Schlagenhaft, and Lutheran World Federation. <em>Living in Communion in the World Today: 60 Years of Lutheran World Federation (LWF)<\/em>. Documentation from the 2007 LWF Council Meeting and Church Leadership Consultation. Documentation; No 52. Minneapolis: Lutheran University Press, 2007.<\/p>\n<p>Alrich, Amy A. \u201cGermans Displaced from the East: Crossing Actual and Imagined Central European Borders, 1944-1955.\u201d Dissertation, The Ohio State University, 2003.<\/p>\n<p>Altnurme, Riho. \u201cForeign Relations of the Estonian Evangelical Lutheran Church as a Means of Maintaining Contact With the Western World.\u201d <em>Kirchliche Zeitgeschichte<\/em> 19, no. 1 (2006): 159\u201365.<\/p>\n<p>Antons, Jan-Hinnerk. \u201cDisplaced Persons in Postwar Germany: Parallel Societies in a Hostile Environment.\u201d <em>Journal of Contemporary History<\/em> 49, no. 1 (2014): 92\u2013114.<\/p>\n<p>Bachmann, E. Theodore and Lutheran World Federation. <em>Epic of Faith: The Background of the Second Assembly of the Lutheran World Federation, 1952<\/em>. New York: National Lutheran Council, 1952.<\/p>\n<p>Baetz, Reuben C. <em>Service to Refugees, 1947-1952<\/em>. Geneva: Lutheran World Federation, 1952.<\/p>\n<p>Baetz, Reuben C., Stewart W. Herman, and Lutheran World Federation. <em>Five Year Report of LWF Service to Refugees<\/em>. Geneva: Lutheran World Federation, 1952.<\/p>\n<p>Bankovi\u010ds, Vilnis, and M\u0101ris Roze. <em>Driven West, Taken East: A World War II Memoir of the Eastern Front<\/em>. Xlibris, 2015.<\/p>\n<p>Barton, Betty. <em>The Problem of 12 Million German Refugees in Today\u2019s Germany<\/em>. Philadelphia: American Friends Service Committee, 1949.<\/p>\n<p>Becs, Henry. <em>Here I Am, An Autobiography: From the Communist and Nazi Hell in Latvia to the Promised Land &#8211; Canada<\/em>. 1st Edition. Innisfail and Red Deer, Alberta: Congregation of Notre Dame St. Joseph\u2019s Convent, 1992.<\/p>\n<p>Bendel, Rainer and Institut f\u00fcr Ostdeutsche Kirchen- und Kulturgeschichte (Bonn) <em>Arbeitstagung. Vertriebene finden Heimat in der Kirche: Integrationsprozesse im Geteilten Deutschland nach 1945.<\/em> N\/a. 2008.<\/p>\n<p>Bendel, Rainer, and Kustermann, Abraham, eds. <em>Die kirchliche Integration der Vertriebenen im S\u00fcdwesten nach 1945<\/em>. Lit Verlag, 2010.<\/p>\n<p>Bergen, Doris L. \u201cThe Nazi Concept of \u2018Volksdeutsche\u2019 and the Exacerbation of Anti-Semitism in Eastern Europe, 1939-45.\u201d <em>Journal of Contemporary History<\/em> 29, no. 4 (1994): 569\u201382.<\/p>\n<p>Bouman, Stephen, Ralston Deffenbaugh, and Martin E. Marty. \u201cA Church of Immigrants.\u201d In <em>They Are Us, 2nd ed., 43\u201356. Lutherans and Immigration<\/em>, Second Edition. 1517 Media, 2020.<\/p>\n<p>Br\u016bveris, Oj\u0101rs. \u201cJan.\u201d The Autobiography. Vol. 1, <em>From War to Freedom, 1945-1952<\/em>. United States: O., Br\u016bveris, 2001.<\/p>\n<p>Cohen, G. Daniel. \u201cBetween Relief and Politics: Refugee Humanitarianism in Occupied Germany 1945-1946.\u201d <em>Journal of Contemporary History<\/em> 43, no. 3 (2008): 437\u201349.<\/p>\n<p>Dallas, Gregor. <em>1945: The War That Never Ended<\/em>. New Haven: Yale University Press, 2005.<\/p>\n<p>Duchrow, Ulrich. <em>Konflikt um die \u00d6kumene: Christusbekenntnis, in welcher Gestalt der \u00f6kumenischen Bewegung?<\/em> M\u00fcnchen: Kaiser, 1980.<\/p>\n<p>Egl\u012btis, Andrejs. <em>A Man from Latvia.<\/em> West Conshohocken, PA: Infinity Publishing.com, 2009.<\/p>\n<p>Empie, Paul C. and National Lutheran Council. <em>In Deed and in Truth.<\/em> New York: Lutheran World Action, 1947.<\/p>\n<p>Evangelische Kirche in Deutschland. <em>Jahrbuch. Das Hilfswerk 1945-1950.<\/em> Stuttgart: Evangelisches Verlagswerk, 1950.<\/p>\n<p>Fox, Grace. \u201cThe Origins of UNRRA.\u201d <em>Political Science Quarterly<\/em> 65, no. 4 (1950): 561\u201384.<\/p>\n<p>Friedlander, Walter A. \u201cThe New Refugees in Germany: A Challenge to Social Work.\u201d <em>Social Work Journal<\/em> 34, no. 4 (1953): 157\u201378.<\/p>\n<p>Gaertner, Carl A. \u201cLutheran World Federation.\u201d <em>Concordia Theological Monthly<\/em> 38, no. 1 (January 1967): 10\u201318.<\/p>\n<p>Gatrell, Peter and Nick Baron, eds.\u00a0<em>Warlands: Population Resettlement and State Reconstruction in the Soviet-East European Borderlands, 1945-1950<\/em>. Palgrave, 2009.<\/p>\n<p>Gengler, Peter N. \u201cConstructing and Leveraging \u2018Flight and Expulsion\u2019: Expellee Memory Politics and Victimhood Narratives in the Federal Republic of Germany, 1944-1970.\u201d Dissertation, University of North Carolina Chapel Hill, 2019.<\/p>\n<p>Genizi, Haim. <em>America\u2019s Fair Share: The Admission and Resettlement of Displaced Persons, 1945-1952.<\/em> Detroit: Wayne State University Press, 1993.<\/p>\n<p>Goeckel, Robert F. \u201cSoviet Policy toward the Baltic Lutheran Churches and Their Role in the Liberalization Process.\u201d <em>Kirchliche Zeitgeschichte<\/em> 6, no. 1 (1993): 120\u201338.<\/p>\n<p>Granquist, Mark. <em>Lutherans in America: A New History<\/em>. Minneapolis: Fortress Press, 2015.<\/p>\n<p>\u2014\u2014\u2014. <em>Most Certainly True: Lutheran History at a Glance &#8211; 75 Stories About Lutherans Since 1517.<\/em> Lutheran University Press, 2020.<\/p>\n<p>Grossmann, Atina. \u201cGrams, Calories, and Food: Languages of Victimization, Entitlement, and Human Rights in Occupied Germany, 1945\u20131949.\u201d <em>Central European History<\/em> 44, no. 1 (2011): 118\u201348.<\/p>\n<p>Guptil, Marilla B. \u201cRecords of the United Nations Relief and Rehabilitation Administration 1943\u20131948.\u201d <em>Journal of Refugee Studies<\/em> 5, no. 1 (1992): 29\u201332.<\/p>\n<p>Hauge, Osborne, and Ralph H. Long. <em>Lutherans Working Together: A History of the National Lutheran Council 1918-1943.<\/em> New York: National Lutheran Council, 1946.<\/p>\n<p>Heise, Matthew. \u201cChurch under the Pressure of Stalinism: The Development of the Status and Activities of the Soviet Latvian Evangelical Lutheran Church during 1944-1950.\u201d <em>Religion, State &amp; Society<\/em> 27, no. 2 (1999): 249\u2013249.<\/p>\n<p>Herman, Stewart W. \u201cLutheran Service to Refugees.\u201d <em>Lutheran Quarterly<\/em> 2, no. 1 (February 1950): 3\u201316.<\/p>\n<p>Hetle, Erik. <em>Lars Wilhelm Boe: A Biography.<\/em> Minneapolis: Augsburg Publishing House, 1949.<\/p>\n<p>Holborn, Louise W. <em>The International Refugee Organization: A Specialized Agency of the United Nations\u202f: Its History and Work, 1946-1952<\/em>. London\u202f; Oxford University Press, 1956.<\/p>\n<p>Hong, Edna H.\u00a0<em>The Book of a Century: The Centennial History of St. John\u2019s Lutheran Church, Northfield, Minnesota.<\/em>\u00a0Northfield, Minn: St. John\u2019s Lutheran Church, 1969.<\/p>\n<p>Hunt, Irmgard A. <em>On Hitler\u2019s Mountain: Overcoming the Legacy of a Nazi Childhood.<\/em> 1st ed. New York: Morrow, 2005.<\/p>\n<p>Isajiw, Wsevolod, Yury Boshyk, and Roman Senkus, eds. <em>The Refugee Experience: Ukrainian Displaced Persons after World War II.<\/em> Alberta, Canada: Canadian Institute of Ukrainian Studies Press, 1992.<\/p>\n<p>J\u00e4hner, Harald. <em>Aftermath: Life in the Fallout of the Third Reich, 1945-1955<\/em>. First edition. New York: Alfred A. Knopf, 2022.<\/p>\n<p>Kinnear, Mary. \u201cUNRRA.\u201d In <em>Woman of the World, <\/em>147\u201377. Mary McGeachy and International Cooperation. University of Toronto Press, 2004.<br \/><em>Kirchliche Vertriebenenarbeit Eine \u00dcbersicht.<\/em> Hannover [Falkenstr. 20]: Ostkirchenausschuss, 1952.<\/p>\n<p>Lagerquist, L. DeAne. \u201cHome and Sacred Place in the Letters of Gertrude Sovik: A Norwegian-American in China.\u201d In <em>Culture Religion and Home-Making in and Beyond South Asia.<\/em> 1517 Media, 2020.<\/p>\n<p>\u2014\u2014\u2014. \u201cFellow Workers: Lutherans\u2019 Service to Refugees as Public Engagement.\u201d <em>Journal of the Lutheran Historical Conference<\/em> 1 (2011): 205\u201320.<\/p>\n<p>\u2014\u2014\u2014. \u201cMy Trip around the World: Gertrude Sovik\u2019s Missionary Life.\u201d <em>Journal of the Lutheran Historical Conference 1<\/em> (2018): 38\u201355.<\/p>\n<p>\u2014\u2014\u2014. <em>The Lutherans. Denominations in America,<\/em> No. 9. Westport, Conn: Greenwood Press, 1999.<\/p>\n<p>Lehmann-Habeck, Martin. \u201cConfession and Resistance in Hitler-Germany (1933-1945).\u201d <em>Mission Studies<\/em> 2, no. 1 (1985): 34\u201338.<\/p>\n<p>Lehtonen, Risto. <em>Church in a Divided World: The Encounter of the Lutheran World Federation with the Cold War.<\/em> Reports and Studies in Education, Humanities, and Theology, no. 19. Finland: University of Eastern Finland, 2013.<\/p>\n<p>Letts, Harold C. <em>Christian Social Responsibility: A Symposium in Three Volumes<\/em>. Philadelphia: Muhlenberg Press, 1957.<\/p>\n<p>Levinsson, Claes. \u201cThe Long Shadow of History: Post-Soviet Border Disputes\u2014The Case of Estonia, Latvia, and Russia.\u201d <em>Connections<\/em> 5, no. 2 (2006): 98\u2013110.<\/p>\n<p>Lowe, Keith. <em>Savage Continent: Europe in the Aftermath of World War II.<\/em> First Picador Edition. New York: Picador, 2013.<\/p>\n<p>Lower, Wendy. <em>Nazi Empire-Building and the Holocaust in Ukraine<\/em>. Chapel Hill: University of North Carolina Press, 2005.<\/p>\n<p>Lumans, Valdis O. <em>Himmler\u2019s Auxiliaries: The Volksdeutsche Mittelstelle and the German National Minorities of Europe, 1933-1945.<\/em> Chapel Hill: University of North Carolina Press, 1993.<\/p>\n<p>\u2014\u2014\u2014. <em>Latvia in World War II.<\/em> 1st ed. World War II&#8211;the Global, Human, and Ethical Dimension. New York: Fordham University Press, 2006.<\/p>\n<p>Lund-Quist, Carl E., and Lutheran World Federation. \u201cThe Living Word in a Responsible Church\u201d: <em>Study Documents, Lutheran World Federation Assembly, July 25 &#8211; Aug. 3, 1952, Hanover, Germany.<\/em> Geneva: Lutheran World Federation, 1952.<\/p>\n<p>Lutheran World Action. \u201cLutheran Representatives Overseas.\u201d Pastor\u2019s Bulletin, January 1947. Luther Seminary.<\/p>\n<p>\u2014\u2014\u2014. <em>Lutheran World Federation Service to Refugees 1947-1949 Photographic Section.<\/em> Edited by Howard V Hong. St. Olaf College, Northfield, MN, 1949.<\/p>\n<p>\u2014\u2014\u2014. <em>Lutheran World Federation Service to Refugees in Germany 1947-1949.<\/em> Report. Edited by Howard V. Hong. Vol. 1. St. Olaf College, Northfield, MN, 1949.<\/p>\n<p>\u2014\u2014\u2014. The Lutheran World Federation Service to Refugees in Austria: A Summary Report, 1949-1952. Salzburg, Austria: 1952.<br \/><em><\/em><\/p>\n<p><em>\u2014\u2014\u2014. Service to Refugees, 1947-1952.<\/em> Geneva: Lutheran World Federation, 1952.<br \/><em><\/em><\/p>\n<p><em>\u2014\u2014\u2014. The Proceedings of the Lutheran World Federation Assembly: Lund, Sweden, June 30 &#8211; July 6, 1947.<\/em> Philadelphia: United Lutheran Publication House, 1948.<br \/><em><\/em><\/p>\n<p><em>\u2014\u2014\u2014. Prehistory of the Lutheran World Federation; List of Material in Archives in Europe and the U.S.A. \/ Vorgeschichte des Lutherischen Weltbundes; Verzeichnis \u00fcber Archivmaterial in Europa und den U.S.A.<\/em> Geneva: Lutheran World Federation, 1968.<\/p>\n<p>MacDonogh, Giles.<em> After the Reich: The Brutal History of the Allied Occupation.<\/em> New York: Basic Books, 2007.<\/p>\n<p>Mankusa, Zanda. \u201cOver the Iron Curtain: The Evangelical Lutheran Church of Latvia Meets the West.\u201d <em>Journal of Baltic Studies<\/em> 37, no. 3 (2006): 313\u201335<\/p>\n<p>Merling, Bert, and Edna H. Hong. <em>Northfield, Minnesota, Centennial, 1855-1955: Century of Progress.<\/em> Northfield Centennial Corporation, 1955.<\/p>\n<p>Merten, Ulrich. <em>Forgotten Voices: The Expulsion of the Germans from Eastern Europe after World War II.<\/em> Transaction Publishers, 2012.<\/p>\n<p>Mik\u00e9, Valerie, and J\u00e1nos M\u00e1dl. <em>Seeking Freedom and Justice for Hungary: John Madl-Mik\u00e9 (1905-1981), the Kolping Movement, and the Years in Exile.<\/em> English language edition. Hamilton Books, 2015.<\/p>\n<p>Millers, Arvid. <em>Arvid\u2019s Story.<\/em> Openbook Australia, 2007.<\/p>\n<p>Nasaw, David. <em>The Last Million: Europe\u2019s Displaced Persons from World War to Cold War. <\/em>Penguin Press, 2020.<\/p>\n<p>National Lutheran Council. \u201cAid for Refugees: Lutheran World Federation Acts on Continuing Problem.\u201d <em>The Christian Century<\/em> 69, no. 34 (August 20, 1952): 954\u2013954.<\/p>\n<p>Neimane, Dagnija. <em>Flight from Latvia: A Six-Year Chronicle.<\/em> Vermont, 2016.<\/p>\n<p>Nelson, E. Clifford. <em>The Rise of World Lutheranism: An American Perspective.<\/em> Fortress Press, 1982.<\/p>\n<p>Nollendorfs, Valters, Valters \u0160\u010derbinskis, and Valdis B\u0113rzi\u0146\u0161. <em>The Impossible Resistance: Latvia between Two Totalitarian Regimes 1940-1991.<\/em> Symposium of the Commission of the Historians of Latvia, volume 29. R\u012bga: Zin\u0101tne, 2021.<\/p>\n<p>Nordstokke, Kjell. \u201cThe Ecclesiological Self-Understanding of the Lutheran World Federation: From \u2018Free Association\u2019 to \u2018Communion of Churches.\u2019\u201d<em> The Ecumenical Review<\/em> 44, no. 4 (1992): 479\u201390.<\/p>\n<p>Olds, Astrida E. <em>The Moon Is Coming with Us: About Anna and Wilhelm F. Rose by Their Youngest Child.<\/em> Longview Pub., 1999.<\/p>\n<p>Pettiss, Susan T. <em>After the Shooting Stopped: The Memoir of an UNRRA Welfare Worker, Germany 1945-1947.<\/em> Trafford Publishing, 2004.<\/p>\n<p>Platace Futchs Fine, Marija. <em>Wide Eyes: A War Orphan Unlocks the Mystery of Her Latvian Roots after Seventy Years.<\/em> Xlibris Corp, 2016.<\/p>\n<p>Pl\u016bme,Ventis, John Pl\u016bme, Vaira V\u012b\u0137e-Freiberga, Howard V. Hong, and Lutheran World Federation Service to Refugees. <em>Insula, Island of Hope: A Latvian Memoir.<\/em> Revised and Enlarged edition. Morgan Hill, CA: Bookstand Publishing, 2013.<\/p>\n<p>Randall, Amanda. &#8220;The Lutheran World Federation Service to Refugees 1947-1949: Photographic Section.&#8221;\u00a0<em>Journal of the Lutheran Historical Conference<\/em> (2024): 169-183.<\/p>\n<p>Reich, Herbert. <em>Das Lutherische Hannover.: Festschrift zur Vollversammlung des Lutherischen Weltbundes, Hannover, 1952.<\/em> Detmold: Verlag Glaube und Kultur, 1952.<\/p>\n<p>Reinisch, Jessica. \u201cIntroduction: Relief in the Aftermath of War.\u201d <em>Journal of Contemporary History<\/em> 43, no. 3 (2008): 371\u2013404.<\/p>\n<p>Rude, Maxine. <em>Displaced: Europe 1945-1946\u202f: Photographs<\/em>. Minneapolis: Center for Holocaust and Genocide Studies, University of Minnesota, 2001.<\/p>\n<p>Schj\u00f8rring, Jens Holger. 2010. <em>Hans Meiser als Kirchenf\u00fchrer nach 1945: Beobachtungen aus \u00f6kumenischer Perspektive.<\/em> <em>Hamm B, red. I. Spielr\u00e4ume des Handelns und der Erinnerung: Die Evangelisch-Lutherische Kirche in Bayern und der Nationalsozialismus<\/em>. G\u00f6ttingen: Vandenhoeck &amp; Ruprecht. S. 272-280. (Arbeiten zur Kirchlichen Zeitgeschichte. Reihe B: Darstellungen, Bind 50).<\/p>\n<p>Schj\u00f8rring, Jens Holger, Prasanna Kumari, Norman A. Hjelm, and Viggo Mortensen. <em>From Federation to Communion: The History of the Lutheran World Federation.<\/em> Minneapolis: Fortress Press, 1997.<\/p>\n<p>Seipp, Adam R. \u201cRefugee Town: Germans, Americans, and the Uprooted in Rural West Germany, 1945-52.\u201d <em>Journal of Contemporary History<\/em> 44, no. 4 (2009): 675\u201395.<\/p>\n<p>Senft, Kenneth C. \u201cThe Lutheran World Federation and the Displaced Person.\u201d Lutheran Theological Seminary, 1952.<\/p>\n<p>Shaw, Joseph M. <em>History of St. Olaf College, 1874-1974.<\/em> St. Olaf College Press, 1974.<\/p>\n<p>Shephard, Ben.<em> The Long Road Home: The Aftermath of the Second World War.\u00a0<\/em>Alfred Knopf, 2011.<\/p>\n<p>Skorvan, Martina.<em> Das Hilfswerk der Evangelischen Kirche und seine Fl\u00fcchtlingsarbeit in Hessen 1945-1955.<\/em> Ver\u00f6ffentlichungen der Historischen Kommission f\u00fcr Nassau, 60.; Forschungen zur Integration der Fl\u00fcchtlinge und Vertriebenen in Hessen nach 1945, Bd. 5, 1995.ed. New York: Alfred A. Knopf, 2011.<\/p>\n<p>Solberg, Richard W. <em>As between Brothers: The Story of Lutheran Response to World Need.<\/em> Minneapolis: Augsburg, 1957.<\/p>\n<p>\u2014\u2014\u2014. <em>Open Doors: The Story of Lutherans Resettling Refugees.<\/em> St. Louis, Mo: Concordia Publishing House, 1992.<\/p>\n<p>Stein, Barry N. \u201cThe Commitment to Refugee Resettlement.\u201d <em>The Annals of the American Academy of Political and Social Science<\/em> 467 (1983): 187\u2013201.<\/p>\n<p>Sz\u00e9chenyi, Kinga. <em>Stigmatized: A History of Hungary\u2019s Internal Deportations during the Communist Dictatorship<\/em>. Reno, Nevada, USA: Helena History Press LLC, a division of KKL Publications LLC, 2016.<\/p>\n<p>Thorkelson, Willmar L. \u201cIntensify Plans to Aid Refugees: From Geneva Offices, World Council and LWF Workers Explore Openings Abroad for Resettlement.\u201d <em>The Christian Century<\/em> 65, no. 51 (December 22, 1948): 1409\u201310.<\/p>\n<p>Tomm, Wilhelm and Evangelische Kirche in Deutschland. <em>Diakonische Werk&#8211;Innere Mission und Hilfswerk. Bewegte Jahre, erz\u00e4hlte Geschichte: Evangelische Diakonie im Grenzdurchgangslager Friedland 1945 bis 1985.<\/em> Friedland: Bremer, 2005.<\/p>\n<p>Vajta, Vilmos. <em>From Generation to Generation: The Lutheran World Federation 1947-1982.<\/em> LWF Report, 16. Stuttgart: Published on behalf of the Lutheran World Federation by Kreuz Verlag Erich Breitsohl, 1983.<\/p>\n<p>Valtenbergs, Aria. <em>Home for Christmas.<\/em> Henley Beach, S. Aust: Seaview Press, 1999.<\/p>\n<p>Weintraub, Philipp. \u201cUNRRA: An Experiment in International Welfare Planning.\u201d <em>The Journal of Politics<\/em> 7, no. 1 (1945): 1\u201324.<\/p>\n<p>Wentz, Abdel Ross. <em>The Lutheran Churches of the World<\/em>, 1952. Geneva: Lutheran World Federation, 1952.<\/p>\n<p>\u2014\u2014\u2014. <em>Lutherans in Concert: The Story of the National Lutheran Council, 1918-1966.<\/em> Minneapolis: Augsburg Publishing House, 1968.<\/p>\n<p>Westhelle, V\u00edtor, and David Tracy. \u201cGlobalization and Fragmentation: Lutheran World Federation.\u201d In <em>Transfiguring Luther<\/em>, 1st ed., 167\u201380. The Planetary Promise of Luther\u2019s Theology. The Lutterworth Press, 2016.<\/p>\n<p>World Council of Churches Division of Inter-Church Aid, Refugee. <em>Report from Hamburg: A Survey of the German Refugee Problem in 1949.<\/em>\u00a01949.<\/p>\n<p>Wright, Robert G. \u201cVoluntary Agencies and the Resettlement of Refugees.\u201d <em>The International Migration Review<\/em> 15, no. 1\/2 (1981): 157\u201374.<\/p>\n<p>Wyman, Mark. <em>DPs: Europe\u2019s Displaced Persons, 1945-1951<\/em>. Ithaca, N.Y.: Cornell University Press, 2014.<\/p>\n<p>Zahra, Tara. \u201cLost Children: Displacement, Family, and Nation in Postwar Europe.\u201d <em>The Journal of Modern History<\/em> 81, no. 1 (2009): 45\u201386.<\/p>\n<p>\u2014\u2014\u2014. \u201c\u2018The Psychological Marshall Plan\u2019: Displacement, Gender, and Human Rights after World War II.\u201d <em>Central European History<\/em> 44, no. 1 (2011): 37\u201362.<\/p>\n<p>Zake, Ieva. \u201cSoviet Campaigns against \u2018Capitalist Ideological Subversives\u2019 during the Cold War: The Latvian Experience.\u201d <em>Journal of Cold War Studies<\/em> 12, no. 3 (2010): 91\u2013114.<\/p>\n<p>Zisere, Bella. \u201cThe Transformation of Holocaust Memory in Post-Soviet Latvia.\u201d In <em>Bringing the Dark Past to Light<\/em>, edited by John-Paul Himka and Joanna Beata Michlic, 300\u2013318. The Reception of the Holocaust in Postcommunist Europe. University of Nebraska Press, 2013.<\/p>\n<p>[\/et_pb_text][\/et_pb_column][\/et_pb_row][\/et_pb_section]<\/p>\n","protected":false},"excerpt":{"rendered":"<p>Research Resources For their assistance in identifying, locating and accessing primary and secondary resources for this online exhibition, heartfelt thanks go to the following institutions and individuals: &nbsp; Institutions: Rolvaag Memorial Library and Rare Book Room, St. Olaf College Howard and Edna Hong Kierkegaard Library, St. Olaf College Lutheran Center for Faith, Values and Community, [&hellip;]<\/p>\n","protected":false},"author":1456,"featured_media":0,"parent":0,"menu_order":0,"comment_status":"closed","ping_status":"closed","template":"","meta":{"_et_pb_use_builder":"on","_et_pb_old_content":"","_et_gb_content_width":"","footnotes":""},"class_list":["post-39","page","type-page","status-publish","hentry"],"jetpack_sharing_enabled":true,"_links":{"self":[{"href":"https:\/\/pages.stolaf.edu\/lwf-refugee-service\/wp-json\/wp\/v2\/pages\/39","targetHints":{"allow":["GET"]}}],"collection":[{"href":"https:\/\/pages.stolaf.edu\/lwf-refugee-service\/wp-json\/wp\/v2\/pages"}],"about":[{"href":"https:\/\/pages.stolaf.edu\/lwf-refugee-service\/wp-json\/wp\/v2\/types\/page"}],"author":[{"embeddable":true,"href":"https:\/\/pages.stolaf.edu\/lwf-refugee-service\/wp-json\/wp\/v2\/users\/1456"}],"replies":[{"embeddable":true,"href":"https:\/\/pages.stolaf.edu\/lwf-refugee-service\/wp-json\/wp\/v2\/comments?post=39"}],"version-history":[{"count":48,"href":"https:\/\/pages.stolaf.edu\/lwf-refugee-service\/wp-json\/wp\/v2\/pages\/39\/revisions"}],"predecessor-version":[{"id":4144,"href":"https:\/\/pages.stolaf.edu\/lwf-refugee-service\/wp-json\/wp\/v2\/pages\/39\/revisions\/4144"}],"wp:attachment":[{"href":"https:\/\/pages.stolaf.edu\/lwf-refugee-service\/wp-json\/wp\/v2\/media?parent=39"}],"curies":[{"name":"wp","href":"https:\/\/api.w.org\/{rel}","templated":true}]}}