{"id":13,"date":"2014-06-11T08:34:38","date_gmt":"2014-06-11T13:34:38","guid":{"rendered":"https:\/\/pages.stolaf.edu\/lund\/?page_id=13"},"modified":"2024-11-26T12:29:43","modified_gmt":"2024-11-26T18:29:43","slug":"bibliographical","status":"publish","type":"page","link":"https:\/\/pages.stolaf.edu\/lund\/bibliographical\/","title":{"rendered":"Curriculum Vitae"},"content":{"rendered":"<p style=\"text-align: center;\"><strong>Employment<\/strong><\/p>\n<p>2005-2013\u00a0\u00a0\u00a0\u00a0 Director of International and Off-Campus Studies<\/p>\n<p>1995-2015 \u00a0\u00a0 Full Professor, Department of Religion, St. Olaf College<br \/>\nRetired in February 2015<\/p>\n<p>1987-94\u00a0\u00a0 Associate Professor, St. Olaf College<\/p>\n<p>1979-86\u00a0\u00a0 Assistant Professor, St. Olaf College<\/p>\n<p>1976-77\u00a0 Teaching Assistant, Yale Divinity School<\/p>\n<p>1975\u00a0\u00a0\u00a0\u00a0\u00a0 Teaching Assistant, Yale College<\/p>\n<p style=\"text-align: center;\"><strong>Education<\/strong><\/p>\n<p>1979\u00a0 Ph.D\u00a0\u00a0(with distinction) \u00a0 Yale University Graduate School<br \/>\nField: History of Christianity\u00a0\u00a0 Dissertation:Johann Arndt and the Development of a Lutheran Spiritual Tradition<\/p>\n<p style=\"text-align: left;\">1977\u00a0 M. Phil., M.A.\u00a0\u00a0\u00a0 Yale Graduate School<br \/>\n1974\u00a0\u00a0M.Div. cum laude\u00a0\u00a0\u00a0 Yale Divinity School<\/p>\n<p style=\"text-align: left;\">1972-73 Graduate study at \u00a0Mansfield College \u00a0Oxford University\u00a0 (Patristics and Medieval Church History)<\/p>\n<p>1970\u00a0\u00a0\u00a0 B.A.\u00a0 magna cum laude (with honors) Brown University \u00a0 Major: Religious Studies\/ Medieval History<\/p>\n<p style=\"text-align: left;\">1968\u00a0\u00a0 Oslo University &#8211; International Summer School<\/p>\n<div class=\"style5\" style=\"color: #000000; text-align: center;\" align=\"center\"><strong>Selected Publications:<\/strong><\/div>\n<p>&#8220;Reinhold von Derschau\u2019s Christian Pilgrimage (1675)&#8221; in Lutheran Quarterly, Winter 2024, (vol. 38.4) 394-414.<\/p>\n<p>&#8220;<em>Lutheranism in the Eighteenth Century<\/em>&#8221;\u00a0 Chapter in <span style=\"text-decoration: underline;\">Five Centuries of Lutheranism. <\/span>Logia &#8211; A Journal of Lutheran Theology\u00a0 XXIX:4 Reformation 2020, 37-49.<\/p>\n<p>Chapter on Philipp Kegel and Martin Moller in <span style=\"text-decoration: underline;\">Protestants and Mysticism in Reformation Europe<\/span>. (St. Andrews Studies in Reformation History), Ed. Ronald Rittgers and Vincent Evener.\u00a0 Brill, 2019. 224-242<\/p>\n<p>Book: <span style=\"text-decoration: underline;\">A Documentary History of Lutheranism, Vol 1 &amp; 2<\/span>.\u00a0 Augsburg Fortress Press, 2017.<br \/>\nVolume One: From the Reformation to Pietism<br \/>\nVolume Two (co-edited with Mark Granquist):\u00a0 From the Enlightenment to the Present.<\/p>\n<p>Articles on Braunschweig-L\u00fcneberg, Electoral Saxony, German Pietism and William Tyndale in\u00a0 <span style=\"text-decoration: underline;\">Encyclopedia of\u00a0 Martin Luther and the Reformation<\/span>.\u00a0 Rowman &amp; Littlefield Publishers,\u00a0 2017.<\/p>\n<p>Articles on\u00a0Philipp Nicolai, Johann Arndt, Abraham Calov, Denmark, Iceland, Devotional Literature, Hans Tausen and Niels Hemmingsen in the <span style=\"text-decoration: underline;\">Dictionary of Luther and the Lutheran Tradition<\/span>,\u00a0 Baker Books, 2017<\/p>\n<p><span style=\"text-decoration: underline;\">Little Prayer Book, 1522 and A Simple Way to Pray, 1535: The Annotated Luther Study Edition<\/span>, co-edited with Mary Jane Haemig.\u00a0 Fortress Press, 2017<\/p>\n<p>New translation, introduction and annotations for the text: <em>A Simple Way to Pray<\/em> in <span style=\"text-decoration: underline;\">The Essential Luther: Annotated Study Edition,<\/span> <span style=\"text-decoration: underline;\">Volume 4<\/span>, \u00a0 Fortress Press. October 2016<\/p>\n<p>Articles on \u201cLutheranism and Lutheran Theology,\u201d\u00a0 \u201cFormula of Concord\u201d in<span style=\"text-decoration: underline;\"> New Dictionary of Theology: Historical and Systematic<\/span><strong> \u00a0\u00a0<\/strong>London: Inter-Varsity Press, 2016<\/p>\n<p style=\"text-align: left;\">Book\u00a0 <span style=\"text-decoration: underline;\">Seventeenth Century Lutheran Meditations and Hymns<\/span>\u00a0for Classics of Western Spirituality series,\u00a0 Paulist Press. September 2011<\/p>\n<p style=\"text-align: left;\"><em>&#8216;Sensus docendi mysticus&#8217;: The Interpretation of the Bible in Johann Arndt&#8217;s Postilla<\/em> in\u00a0<span class=\"style3\" style=\"text-decoration: underline;\">Hermeneutica Sacra &#8211; Festschrift for Bengt H\u00e4gglund\u00a0<\/span>ed. by Torbjorn Johansson, Robert Kolb, Johann Anselm Steiger. DeGruyter, 2010.<\/p>\n<p style=\"text-align: left;\">\u201cPierre Bayle\u201d \u201cGabriel Biel\u201d \u201cJakob B\u00f6hme\u201d \u201cJohn Capreolus\u201d \u201cDeism\u201d \u201cRen\u00e9 Descartes\u201d \u00a0\u201cGottfried Wilhelm Leibniz\u201d \u201cJohn Locke\u201d \u201cJohn Mill\u201d \u201cIsaac Newton\u201d \u201c Blaise Pascal\u201d \u201cJohann \u00a0Andreas Quenstedt\u201d \u201cCardinal Richelieu\u201d \u201cRichard Simon\u201d \u201cJohn Spencer\u201d \u201cBaruch Spinoza\u201d\u00a0 \u201cChristian Wolff\u201d in\u00a0\u00a0<span style=\"text-decoration: underline;\">The New Westminster Dictionary of Church History<\/span>\u00a0\u00a02008<\/p>\n<p style=\"text-align: left;\"><em>Nordic and Baltic Lutheranism 1550-1680<\/em> in:\u00a0<span style=\"text-decoration: underline;\">Lutheran Ecclesiastical Culture 1550-1675<\/span>\u00a0 E. J. Brill: 2008 pp. 411-454<\/p>\n<p style=\"text-align: left;\"><em>Tauler the Mystic\u2019s Lutheran Admirers<\/em> \u00a0 article in\u00a0<span style=\"text-decoration: underline;\">Piety and Family in Early Modern Europe: Festschrift for Steven Ozment.\u00a0 <\/span>Aldershot, UK: Ashgate Publishing, 2005<\/p>\n<p style=\"text-align: left;\"><b>&#8220;Lutheranism, United States&#8221;\u00a0 &#8221; Lutheranism, Scandinavia&#8221;\u00a0 &#8220;Lutheranism, Germany&#8221; \u201cEivind \u00a0Berggrav\u201d\u00a0 in\u00a0<\/b><span style=\"text-decoration: underline;\"><b>\u00a0Encyclopedia of Protestantism<\/b><\/span><b>\u00a0\u00a0 New York: Routledge, 2004<\/b><\/p>\n<p style=\"text-align: left;\"><span style=\"color: #000000;\"><b>Book: <span style=\"text-decoration: underline;\"><span class=\"style5\">Documents<\/span><span class=\"style5\"> from the History of Lutheranism 1517-1750<\/span><\/span><span class=\"style5\">\u00a0 Minneapolis: Fortress Press, 2002<\/span><\/b><\/span><\/p>\n<p style=\"text-align: left;\">Co-editor with John Day &amp; Anne O\u2019Donnell:\u00a0<span style=\"text-decoration: underline;\">Word, Church, and State-Tyndale\u00a0 Quincentenary Essays<\/span>.\u00a0 Washington DC:\u00a0 Catholic University of America Press,\u00a0 1998<br \/>\nincludes <em>Tyndale and Frith on the Eucharist as Sign and Memorial<\/em>\u00a0 article in this book.<\/p>\n<p style=\"text-align: left;\">&#8220;Paul\u00a0 Speratus&#8221;,\u00a0 article in\u00a0<span style=\"text-decoration: underline;\">The Encyclopedia of the Reformation<\/span>.\u00a0 ed. Hans Hillerbrand. Oxford\u00a0 University Press, 1996<\/p>\n<p style=\"text-align: left;\"><em>The Problem of Complacency in Seventeenth Century Lutheran Spirituality<\/em> in\u00a0\u00a0<span style=\"text-decoration: underline;\">Modern Christian Spirituality : Methodological and Historical Essays<\/span>. Atlanta: Scholars Press 1990.\u00a0 pp. 139-159<\/p>\n<p style=\"text-align: left;\"><em>Lutheran and Reformed Spirituality 1550-1700<\/em>, chapter 8 in\u00a0<span style=\"text-decoration: underline;\">Christian Spirituality III: \u00a0Post-Reformation and Modern<\/span>, ed. by Louis Dupr\u00e9 and Don Saliers.\u00a0 Volume 18 of \u00a0World Spirituality: An Encyclopedic History of the Religious Quest.\u00a0\u00a0 New York: Crossroad Publishing Co. , 1989\u00a0\u00a0\u00a0 pp. 213-239<\/p>\n<p style=\"text-align: left;\"><em>The Impact of Lutheranism on Popular Religion in Sixteenth Century Germany<\/em> in <span style=\"text-decoration: underline;\">Concordia Journal<\/span> 13:4, October 1987\u00a0 pp. 331-341<\/p>\n<p style=\"text-align: center;\"><strong>Book Reviews<br \/>\n<\/strong><\/p>\n<p>Review of\u00a0 Russell C. Kleckley in collaboration with J\u00fcrgen Gr\u00f6schl eds. The Letters of Johann Ernst Bergmann, Ebenezer, Georgia, 1786-1824. Religion, Community and the New Republic.\u00a0\u00a0 Leiden:\u00a0 Brill, 2022, in Lutheran Quarterly 37:3 \u00a0 2023\u00a0 362-364<\/p>\n<p>Review of Martin Lohrmann.\u00a0 Stories from Global Lutheranism: a Historical Timeline.\u00a0 Fortress Press, 2021 in Lutheran Quarterly36:1\u00a0 2022<strong> \u00a0\u00a0<\/strong>78-79<\/p>\n<p>Review of Wolfgang Sommer. Fr\u00f6mmigkeit und Weltoffenheit im deutschen Luthertum. Leipzig: Evangelische Verlagsanstalt, 2013 in Lutheran Quarterly 29:3\u00a0 366-368<\/p>\n<p>Review of Albrecht Peters. <em>\u00a0<\/em>Confession and Christian Life.<em> V<\/em>ol. 5 of Commentary on Luther&#8217;s Catechisms. \u00a0St. \u00a0Louis: Concordia Publishing House, 2013 in Lutheran Quarterly 29:3 357-359<\/p>\n<p style=\"text-align: left;\">Review of Dorothea Wendebourg, ed. Sister Reformations\/ Schwesterreformationen: The Reformation in Germany and in England. T\u00fcbingen: Mohr Siebeck, 2010 in Lutheran Quarterly 26:2 Summer 2012<\/p>\n<p style=\"text-align: left;\">Review of Michael\u00a0 J. Halvorson: Heinrich Heshusius and Confessional Polemics in Early Lutheran Orthodoxy: Ashgate Publishing Limited, 2010. Church History June 2012<\/p>\n<p style=\"text-align: left;\">Review of Michael S. Whiting: Luther in English &#8211; the Influence of His Theology of Law and Gospel on Early English Evangelicals (1525-35) \u00a0 Princeton Theological Monograph Series 142. \u00a0Eugene, Oregon: Pickwick Publications, 2010 in Lutheran Quarterly 25:4 Winter 2011<\/p>\n<p style=\"text-align: left;\">Review of John A. Maxfield: Luther\u2019s Lectures on Genesis and the Formation of Evangelical Identity.\u00a0\u00a0\u00a0Sixteenth Century Essays &amp; Studies 80. Kirksville, MO: Truman State University Press, 2008, in Church History June 2011<\/p>\n<p style=\"text-align: left;\">Review of Charles Webster: Paracelsus: Medicine, Magic and Mission at the End of Time, in Church History 78:3 S 2009 685-687.<\/p>\n<p style=\"text-align: left;\">Review of\u00a0Tanya Kevorkian: Baroque Piety:\u00a0Religion, Society, and Music in Leipzig, 1650-1750,\u00a0in Church History 77:4 December 2008 1064-1066<\/p>\n<p style=\"text-align: left;\">Review of John Schofield. Melanchthon and the English Reformation, in Lutheran Quarterly Summer 2008 228-230<\/p>\n<p style=\"text-align: left;\">Review of Robert Scribner. Religion and Culture in Germany 1400-1800, in Church History March 2004<\/p>\n<p style=\"text-align: left;\">Review of Karin Maag, ed. Melanchthon in Europe, in Lutheran Quarterly Summer 2002<\/p>\n<p style=\"text-align: left;\">Review of Luther&#8217;s Works on CD-ROM, in Lutheran Quarterly Winter 2002<\/p>\n<p style=\"text-align: left;\">Review of Brad Gregory. Salvation at Stake-Christian Martyrdom, in Early Modern Europe in Church History 71:3 September 2002<\/p>\n<p style=\"text-align: left;\">Review of Arthur Freeman. An Ecumenical Theology of the Heart: The Theology of Count Nicholas Ludwig von Zinzendorf, in Lutheran Quarterly 2001<\/p>\n<p style=\"text-align: left;\">Review of Andrew Weeks. Valentin Wiegel &#8211; German Religious Dissenter, Speculative Theorist and Advocate of Tolerance, in Isis-Journal of the History of Science Society 92:1 March 2001<\/p>\n<p style=\"text-align: left;\">Review of Birgit Stolt,ed. Philipp Melanchthon und seine Rezeption in Skandinavien, in Lutheran Quarterly Spring 2001<\/p>\n<p>Review of Ole Peter\u00a0 Grell, ed. Paracelsus: The Man and His Reputation, His Ideas and Their Transformation.\u00a0 Leiden: Brill, 1998\u00a0\u00a0 in <strong>Church History<\/strong> 68:4\u00a0 December 1999<\/p>\n<p>Review of Moshe Idel, Bernard McGinn,ed:\u00a0 Mystical Union in Judaism, Christianity and Islam. New York:\u00a0 Continuum,\u00a0 1996\u00a0 for <strong>Journal of Ecumenical Studies <\/strong>35:2 Spring 1998.<\/p>\n<p>Review of\u00a0 Thomas Brady, Jr.:\u00a0 The Politics of the Reformation in Germany &#8211; Jacob Sturm (1489-1553) of Strasbourg.\u00a0 Atlantic Highlands, NJ: Humanities Press, 1997\u00a0 for <strong>Church History <\/strong>67:2\u00a0 June 1998<\/p>\n<p>Review of Hartmut Lehmann:\u00a0 Religion und Religiosit\u00e4t in der Neuzeit &#8211; Historische Beitr\u00e4ge G\u00f6ttingen: Vandenhoeck &amp; Ruprecht,\u00a0 1996 for\u00a0 <strong>Church History <\/strong>67:1\u00a0 March \u00a01998<\/p>\n<p>Review of Christoph Joest: Spiritualit\u00e4t evangelischer Kommunit\u00e4t\u00a0\u00a0 G\u00f6ttingen:\u00a0 Vandenhoeck &amp; Ruprecht, 1995 for <strong>Journal of Ecumenical Studies <\/strong>34:4 Fall, 1997<\/p>\n<p>Review of William Russell:\u00a0 Luther\u2019s Theological Testament\u00a0\u00a0 Minneapolis:\u00a0 Augsburg\u00a0\u00a0 Fortress Press, 1995\u00a0 for <strong>Church History\u00a0 <\/strong>66:4\u00a0 December, 1997<\/p>\n<p>Review of Hans-Joachim Krumwiede: <u>Kirchengeschichte Niedersachens, Bd. 1<\/u> for <strong>Church History\u00a0 <\/strong>66:2\u00a0\u00a0 June, 1997<\/p>\n<p>Review of Richard Gawthrop: Pietism and the Making of Eighteenth-Century Prussia for <strong>Church History\u00a0 <\/strong>65:1\u00a0 March, 1996<\/p>\n<p>Review of Heiko Oberman: The Impact of the Reformation for <strong>Sixteenth Century Journal <\/strong>26:4\u00a0 Winter, 1995<\/p>\n<p>Review of Bob Scribner et alia: The Reformation in National Context for <strong>Sixteenth\u00a0 Century Journal <\/strong>26:4\u00a0\u00a0 Winter, 1995<\/p>\n<p>Review of The Land of Carmel (Festschrift for J. Smets) for <strong>Church History <\/strong>64:3\u00a0\u00a0 September , 1995\u00a0 520-521<\/p>\n<p>Review of Jahrbuch f\u00fcr Schlesische Kirchengeschichte 68:1989\u00a0 for <strong>Church History<\/strong><strong>\u00a0<\/strong>64:2\u00a0 June 1995,\u00a0 346<\/p>\n<p>Review of Jill Raitt:\u00a0 The Colloquy of Montbeliard for <strong>Journal of Ecumenical Studies <\/strong>Winter\/Spring, 1994\u00a0\u00a0 153-154<\/p>\n<p>Review of Glenn Hinson, ed.: Spirituality in Ecumenical Perspective\u00a0 for <strong>Christian\u00a0 Spirituality Bulletin<\/strong> 2:2,\u00a0\u00a0 Fall, 1994\u00a0 24-26<\/p>\n<p>Review of Andrew Fix, Susan Karant-Nunn, ed.: Germania Illustrata: Essays Presented to\u00a0Gerald Strauss for <strong>Church History\u00a0 <\/strong>63:3\u00a0\u00a0\u00a0 September, 1991<\/p>\n<p>Review of Arno Sames: Anton Wilhelm B\u00f6hme: Studien zum \u00f6kumenischen Denken und\u00a0 Handeln eines Halleschen Pietisten in <strong>Journal of Ecumenical Studies <\/strong>28:4 Fall 1991<\/p>\n<p>Review of Gary Sattler: Nobler \u00a0Than The Angels, Lower Than a Worm: The Pietist View of the Individual in the Writings of Heinrich M\u00fcller and August Hermann Francke in <strong>Church History <\/strong>60:4\u00a0 December 1991<\/p>\n<p>Review of Susan Thistlethwaite &amp; Mary Potter Engel: Lift Every Voice &#8211; Constructing Christian Theologies From the Underside\u00a0 in <strong>Lutheran Quarterly <\/strong>5:3 Autumn 1991,\u00a0 386-388<\/p>\n<p>Review of Dietrich Blaufuss, ed.: Pietismus-Forschungen: Zu Philipp Jacob Spener und\u00a0 zum spiritualistisch-radikalpietistischen Umfeld\u00a0 in <strong>Church History <\/strong>60:3, September 1991\u00a0 404-405.<\/p>\n<p>Review of Ralph Keen, ed.: Johannes Cochlaeus-Responsio ad Johannem\u00a0\u00a0 Bugenhagium Pomeranum in <strong>Church History <\/strong>60:1\u00a0 March 1991,\u00a0 110-111.<\/p>\n<p>Review of James Stein: Philipp Jacob Spener &#8211; Pietist Patriarch\u00a0 in <strong>Church\u00a0 History <\/strong>58:1 March 1989<\/p>\n<p>Review of John Stroup: The Struggle for\u00a0 Identity in the Clerical Estate in <strong>Journal of\u00a0 Modern History <\/strong>59:3 September 1987<\/p>\n<p>Review of Martin Chemnitz: Ministry, Word and Sacrament-An Enchiridion\u00a0trans. by Luther Poellet, in <strong>Church History <\/strong>52:2\u00a0 June, 1983<\/p>\n<p>Review of Susan Karant-Nunn: Luther&#8217;s Pastors &#8211; The Reformation in the Ernestine Countryside\u00a0 in <strong>Church History <\/strong>50:3 September 1981<\/p>\n<p>&nbsp;<\/p>\n","protected":false},"excerpt":{"rendered":"<p>Employment 2005-2013\u00a0\u00a0\u00a0\u00a0 Director of International and Off-Campus Studies 1995-2015 \u00a0\u00a0 Full Professor, Department of Religion, St. Olaf College Retired in February 2015 1987-94\u00a0\u00a0 Associate Professor, St. Olaf College 1979-86\u00a0\u00a0 Assistant Professor, St. Olaf College 1976-77\u00a0 Teaching Assistant, Yale Divinity School &hellip; <a href=\"https:\/\/pages.stolaf.edu\/lund\/bibliographical\/\">Continue reading <span class=\"meta-nav\">&rarr;<\/span><\/a><\/p>\n","protected":false},"author":1,"featured_media":0,"parent":0,"menu_order":0,"comment_status":"closed","ping_status":"open","template":"","meta":{"footnotes":""},"class_list":["post-13","page","type-page","status-publish","hentry"],"jetpack_sharing_enabled":true,"_links":{"self":[{"href":"https:\/\/pages.stolaf.edu\/lund\/wp-json\/wp\/v2\/pages\/13","targetHints":{"allow":["GET"]}}],"collection":[{"href":"https:\/\/pages.stolaf.edu\/lund\/wp-json\/wp\/v2\/pages"}],"about":[{"href":"https:\/\/pages.stolaf.edu\/lund\/wp-json\/wp\/v2\/types\/page"}],"author":[{"embeddable":true,"href":"https:\/\/pages.stolaf.edu\/lund\/wp-json\/wp\/v2\/users\/1"}],"replies":[{"embeddable":true,"href":"https:\/\/pages.stolaf.edu\/lund\/wp-json\/wp\/v2\/comments?post=13"}],"version-history":[{"count":19,"href":"https:\/\/pages.stolaf.edu\/lund\/wp-json\/wp\/v2\/pages\/13\/revisions"}],"predecessor-version":[{"id":1134,"href":"https:\/\/pages.stolaf.edu\/lund\/wp-json\/wp\/v2\/pages\/13\/revisions\/1134"}],"wp:attachment":[{"href":"https:\/\/pages.stolaf.edu\/lund\/wp-json\/wp\/v2\/media?parent=13"}],"curies":[{"name":"wp","href":"https:\/\/api.w.org\/{rel}","templated":true}]}}