{"id":40,"date":"2014-07-08T09:59:54","date_gmt":"2014-07-08T14:59:54","guid":{"rendered":"https:\/\/pages.stolaf.edu\/dorer\/?page_id=40"},"modified":"2022-04-11T12:59:53","modified_gmt":"2022-04-11T17:59:53","slug":"courses","status":"publish","type":"page","link":"https:\/\/pages.stolaf.edu\/dorer\/courses\/","title":{"rendered":"Courses"},"content":{"rendered":"<p>I teach both courses in Norwegian and in English. Courses in Norwegian I have taught at St. Olaf include:<\/p>\n<p class=\"p1\"><strong>Norwegian 111: Beginning Norwegian I,\u00a0Norwegian 112: Beginning Norwegian II, Norwegian 231: Intermediate Norwegian I<br \/>\n<\/strong>Together, Norwegian 111, 112 and 231 are\u00a0the introductory Norwegian sequence and emphasizes three main areas: 1) learning basic Norwegian vocabulary, structures and functions; 2) using the four skills of reading, writing, speaking, and listening; and 3) exploring Norwegian and American cultures as well as culture in general.<\/p>\n<p>Our approach to language teaching is characterized by proficiency, thematic learning, and integration of language and culture topics. We will try to make the classroom as rich a learning environment as possible by using a variety of authentic spoken, written, and visual materials.<\/p>\n<p>We expect students to be active participants in the learning process and to take responsibility for their own learning. In practical terms, this means preparing for and participating actively in class, but also helping to shape the course content and methods.<\/p>\n<p>By the end of the three-semester sequence of Norwegian (to complete the FOL requirement), students will be able to demonstrate:<\/p>\n<ol>\n<li>Language proficiency: Proficiency in reading and writing (all languages) as well as in listening and speaking (modern languages only) commensurate with the amount of study completed.<\/li>\n<li>Cultural understanding: The ability to understand, through a target language, that language&#8217;s culture(s) and one&#8217;s own culture.<\/li>\n<li>Metalinguistic awareness: Awareness of language as a system, and of the ways in which language organizes thought processes and information and reflects culture.<\/li>\n<\/ol>\n<p><strong>Norwegian 232:<br \/>\n<\/strong>Norwegian 232 is the continuation of the Intermediate Norwegian sequence. In this course, you will:<strong><br \/>\n<\/strong><\/p>\n<ul>\n<li>develop the ability to speak in longer segments and with better fluency and clearer pronunciation by engaging in conversations, narrating and describing, plus supporting opinion and hypothesizing. You will make presentations to the class, record yourself speaking, have regular conversations with your teacher and other Norwegian speakers.<\/li>\n<li>improve your ability to understand the main ideas in Norwegian spoken at normal tempo by native speakers. You will listen to the audio book of the novel <em>Naiv. Super<\/em> and view Norwegian films.<\/li>\n<li>increase your reading speed and comprehension of authentic materials written in Norwegian. In addition to other readings, you will read the novel <em>Naiv. Super<\/em> by Erlend Loe as well as articles from Norwegian websites.<\/li>\n<li>expand your vocabulary and improve your writing about everyday topics from your own experience as well as about Norwegian historical and cultural issues. You will write and revise many short essays and blog posts.<\/li>\n<li>improve your grammatical accuracy in both speech and writing. You will do regular grammatical assignments that fit with the novel you are reading and the essays you are writing.<\/li>\n<\/ul>\n<p>increase your knowledge of Norway&#8217;s culture, both past and present.<\/p>\n<p><strong>Upper level topics courses:<\/strong><\/p>\n<p><strong>NORW 372:Topics (TV &amp; Language)<\/strong><\/p>\n<p><strong>NORW 372: Topics (The [Concept of] Norwegianness: Then and now)<\/strong><\/p>\n<p><strong>NORW 372: Topics (Rituals and Turning points)<\/strong><\/p>\n<p><strong>NORW 373: Topics (Norwegian Media Portrayals of Occupation, Exodus and War)<\/strong><b><br \/>\n<\/b><\/p>\n<p><strong>English Language Courses<\/strong><\/p>\n<p class=\"p1\"><strong>Norwegian 244: The S\u00e1mi: Traditions in Transition (ORC, MSG, HSB)<br \/>\n<\/strong>In this interdisciplinary course we will read critically different kinds of writings about a distinct culture, the S\u00e1mi. We will spend a few days on conceptual and introductory matters, establishing who the S\u00e1mi are, and what is distinctive and unique about them and their culture. We will look at the S\u00e1mi as an indigenous minority people of northern Europe whose cultural identity has constantly been threatened by the majority cultures surrounding them; we will also see how this culture, today, presents instructive examples of how to view a people\u2019s relationship to the state, how to live in some harmony with nature and how to assert one\u2019s culture without first and foremost marketing it for profit and personal gain.<\/p>\n<p>The texts chosen for this course represent different views of S\u00e1mi culture; there are (seemingly) objective scholarly treatments of the S\u00e1mi by \u201csubject specialists\u201d; there are blatantly racist descriptions of the S\u00e1mi by outsiders who have found them \u201cquaint and mysterious\u201d and their culture primitive or \u201cinferior\u201d; and there are articles written by the S\u00e1mi themselves, both defensive articles and assertive ones. It is up to us \u2013 the readers \u2013 to identify both objective data in our readings and try to discern bias, if any exists. In so doing, we will be introduced to questions of meaning and value. With respect to discernment of conflict between values, to give a few examples, we will see clashes between majority and minority cultures, between the nature worldview of the S\u00e1mi and Lutheran missionary activities in S\u00e1miland, as well as conflict in values among the S\u00e1mi themselves, often conflicts between traditional and modern views.<\/p>\n<p>In the beginning of the course, we will read a non-literary treatment of the S\u00e1mi, Lehtola\u2019s <em>The S\u00e1mi People<\/em>. In the ensuing weeks we will explore how fiction, visual narratives, music, art, and manifestations of material culture reveal the S\u00e1mi view of (the) god(s), the humans and the universe.<\/p>\n<p>The course will place the S\u00e1mi in a larger context by identifying the forces, which have influenced their history, and by examining the S\u00e1mi\u2019s interrelationships with other people of the North during the last millennium. In so doing, it will teach us to recognize the organic nature of change and discern elements of the historical process.<\/p>\n<p class=\"p1\"><strong>Norwegian 130: Nordic Film Today (ALS-A)<br \/>\n<\/strong>This film course introduces students to contemporary Nordic film. Readings\/screenings present a broad spectrum of contemporary issues, along with current critique and theoretical approaches. Topics include: history, culture and society, translation, gender\/sexuality, national identity, urbanization, minority issues, etc. Students attain an understanding of these cultural trends and the technical terminology to watch, read, think, talk, and write critically and intelligently about films as text. Taught in English.<\/p>\n<p>You will watch approx. 20\u00a0feature length, 20 short films and 20 commercial films in this course.\u00a0 While the majority of films are predetermined, you will be branching out to explore themes that interest you.<\/p>\n<p class=\"p1\"><strong>Other courses I have taught include:<br \/>\n<\/strong>Linguistics 396:\u00a0Quantitative Educational Technology\u00a0Inquiry<br \/>\nNorwegian 130 FLAC: Nordic Film Today (ALS-A)<br \/>\nEnglish 250: English Language and Linguistics<br \/>\nMedia Studies 240: World Cinema (ALS-A, MSG) <i>guest lecturer<\/i><\/p>\n","protected":false},"excerpt":{"rendered":"<p>I teach both courses in Norwegian and in English. Courses in Norwegian I have taught at St. Olaf include: Norwegian 111: Beginning Norwegian I,\u00a0Norwegian 112: Beginning Norwegian II, Norwegian 231: Intermediate Norwegian I Together, Norwegian 111, 112 and 231 are\u00a0the introductory Norwegian sequence and emphasizes three main areas: 1) learning basic Norwegian vocabulary, structures and [&hellip;]<\/p>\n","protected":false},"author":543,"featured_media":0,"parent":0,"menu_order":0,"comment_status":"closed","ping_status":"open","template":"","meta":{"_et_pb_use_builder":"off","_et_pb_old_content":"","_et_gb_content_width":"","footnotes":""},"class_list":["post-40","page","type-page","status-publish","hentry"],"_links":{"self":[{"href":"https:\/\/pages.stolaf.edu\/dorer\/wp-json\/wp\/v2\/pages\/40","targetHints":{"allow":["GET"]}}],"collection":[{"href":"https:\/\/pages.stolaf.edu\/dorer\/wp-json\/wp\/v2\/pages"}],"about":[{"href":"https:\/\/pages.stolaf.edu\/dorer\/wp-json\/wp\/v2\/types\/page"}],"author":[{"embeddable":true,"href":"https:\/\/pages.stolaf.edu\/dorer\/wp-json\/wp\/v2\/users\/543"}],"replies":[{"embeddable":true,"href":"https:\/\/pages.stolaf.edu\/dorer\/wp-json\/wp\/v2\/comments?post=40"}],"version-history":[{"count":10,"href":"https:\/\/pages.stolaf.edu\/dorer\/wp-json\/wp\/v2\/pages\/40\/revisions"}],"predecessor-version":[{"id":693,"href":"https:\/\/pages.stolaf.edu\/dorer\/wp-json\/wp\/v2\/pages\/40\/revisions\/693"}],"wp:attachment":[{"href":"https:\/\/pages.stolaf.edu\/dorer\/wp-json\/wp\/v2\/media?parent=40"}],"curies":[{"name":"wp","href":"https:\/\/api.w.org\/{rel}","templated":true}]}}