{"id":48,"date":"2023-12-10T18:02:12","date_gmt":"2023-12-11T00:02:12","guid":{"rendered":"https:\/\/pages.stolaf.edu\/cis-pmoreraquesada\/?page_id=48"},"modified":"2023-12-25T16:52:50","modified_gmt":"2023-12-25T22:52:50","slug":"guiding-questions","status":"publish","type":"page","link":"https:\/\/pages.stolaf.edu\/cis-pmoreraquesada\/guiding-questions\/","title":{"rendered":"Guiding Questions"},"content":{"rendered":"\n<p><strong>Identity<\/strong><\/p>\n\n\n\n<ol class=\"wp-block-list\">\n<li>What is inclusivity? How are inclusive spaces created in the Performing Arts?<\/li>\n\n\n\n<li>What is social justice? How is social justice achieved through the Performing Arts?<\/li>\n\n\n\n<li>What is community? How can one build community through the Performing Arts?<\/li>\n<\/ol>\n\n\n\n<p><strong>Performing Arts<\/strong><\/p>\n\n\n\n<ol class=\"wp-block-list\">\n<li>What are the Performing Arts? What are the qualities that define the Performing Arts?<\/li>\n\n\n\n<li>How do dance, theater, and creative writing intersect? Do they influence one another?\u00a0<\/li>\n\n\n\n<li>How do the Performing Arts contribute to a person\u2019s physical and mental wellbeing?<\/li>\n<\/ol>\n\n\n\n<p><\/p>\n\n\n\n<p><\/p>\n\n\n\n<p><\/p>\n\n\n\n<p><\/p>\n\n\n\n<p><strong>Identidad<\/strong><\/p>\n\n\n\n<ol class=\"wp-block-list\">\n<li>\u00bfC\u00f3mo se define el t\u00e9rmino inclusividad? \u00bfC\u00f3mo se crean espacios inclusivos en las Artes Esc\u00e9nicas? <\/li>\n\n\n\n<li>\u00bfC\u00f3mo se define la justicia social? \u00bfC\u00f3mo se logra la justicia social a trav\u00e9s de las Artes Esc\u00e9nicas? <\/li>\n\n\n\n<li>\u00bfQu\u00e9 se define como comunidad? \u00bfC\u00f3mo se puede construir comunidad a trav\u00e9s de las artes esc\u00e9nicas?<\/li>\n<\/ol>\n\n\n\n<p><strong>Artes Esc\u00e9nicas<\/strong><\/p>\n\n\n\n<ol class=\"wp-block-list\">\n<li>\u00bfQu\u00e9 son las Artes Esc\u00e9nicas? \u00bfCu\u00e1les son las cualidades que definen las Artes Esc\u00e9nicas?<\/li>\n\n\n\n<li>\u00bfC\u00f3mo se cruzan la danza, el teatro y la escritura creativa? \u00bfSe influyen mutuamente?<\/li>\n\n\n\n<li>\u00bfC\u00f3mo contribuyen las Artes Esc\u00e9nicas al bienestar f\u00edsico y mental de una persona?<\/li>\n<\/ol>\n","protected":false},"excerpt":{"rendered":"<p>Identity Performing Arts Identidad Artes Esc\u00e9nicas<\/p>\n","protected":false},"author":3934,"featured_media":0,"parent":0,"menu_order":0,"comment_status":"closed","ping_status":"closed","template":"","meta":{"footnotes":""},"class_list":["post-48","page","type-page","status-publish","hentry"],"jetpack_sharing_enabled":true,"_links":{"self":[{"href":"https:\/\/pages.stolaf.edu\/cis-pmoreraquesada\/wp-json\/wp\/v2\/pages\/48","targetHints":{"allow":["GET"]}}],"collection":[{"href":"https:\/\/pages.stolaf.edu\/cis-pmoreraquesada\/wp-json\/wp\/v2\/pages"}],"about":[{"href":"https:\/\/pages.stolaf.edu\/cis-pmoreraquesada\/wp-json\/wp\/v2\/types\/page"}],"author":[{"embeddable":true,"href":"https:\/\/pages.stolaf.edu\/cis-pmoreraquesada\/wp-json\/wp\/v2\/users\/3934"}],"replies":[{"embeddable":true,"href":"https:\/\/pages.stolaf.edu\/cis-pmoreraquesada\/wp-json\/wp\/v2\/comments?post=48"}],"version-history":[{"count":3,"href":"https:\/\/pages.stolaf.edu\/cis-pmoreraquesada\/wp-json\/wp\/v2\/pages\/48\/revisions"}],"predecessor-version":[{"id":53,"href":"https:\/\/pages.stolaf.edu\/cis-pmoreraquesada\/wp-json\/wp\/v2\/pages\/48\/revisions\/53"}],"wp:attachment":[{"href":"https:\/\/pages.stolaf.edu\/cis-pmoreraquesada\/wp-json\/wp\/v2\/media?parent=48"}],"curies":[{"name":"wp","href":"https:\/\/api.w.org\/{rel}","templated":true}]}}