{"id":2,"date":"2023-04-06T20:28:17","date_gmt":"2023-04-06T20:28:17","guid":{"rendered":"https:\/\/pages.stolaf.edu\/cis-pmoreraquesada\/?page_id=2"},"modified":"2024-04-09T14:28:21","modified_gmt":"2024-04-09T19:28:21","slug":"sample-page","status":"publish","type":"page","link":"https:\/\/pages.stolaf.edu\/cis-pmoreraquesada\/","title":{"rendered":"Home"},"content":{"rendered":"\n<p><strong>Welcome! \u00a1Bienvenidx!<\/strong><\/p>\n\n\n\n<p>My name is Ana Paulina Morera Quesada and this my CIS Portfolio for my Inclusivity in the Performing Arts major. Feel free to explore and learn the different approaches and related experiences that helped me create my curriculum.<\/p>\n\n\n\n<p>Mi nombre es Ana Paulina Morera Quesada y este es mi Portafolio del CIS para mi carrera Inclusividad en las Artes Esc\u00e9nicas. Si\u00e9ntase libre de explorar y aprender sobre los distintos m\u00e9todos y experiences que me ayudaron a crear mi curr\u00edculum. <\/p>\n","protected":false},"excerpt":{"rendered":"<p>Welcome! \u00a1Bienvenidx! My name is Ana Paulina Morera Quesada and this my CIS Portfolio for my Inclusivity in the Performing Arts major. Feel free to explore and learn the different approaches and related experiences that helped me create my curriculum. Mi nombre es Ana Paulina Morera Quesada y este es mi Portafolio del CIS para &hellip; <\/p>\n<p class=\"link-more\"><a href=\"https:\/\/pages.stolaf.edu\/cis-pmoreraquesada\/\" class=\"more-link\">Continue reading<span class=\"screen-reader-text\"> &#8220;Home&#8221;<\/span><\/a><\/p>\n","protected":false},"author":3934,"featured_media":0,"parent":0,"menu_order":0,"comment_status":"closed","ping_status":"open","template":"","meta":{"footnotes":""},"class_list":["post-2","page","type-page","status-publish","hentry"],"jetpack_sharing_enabled":true,"_links":{"self":[{"href":"https:\/\/pages.stolaf.edu\/cis-pmoreraquesada\/wp-json\/wp\/v2\/pages\/2","targetHints":{"allow":["GET"]}}],"collection":[{"href":"https:\/\/pages.stolaf.edu\/cis-pmoreraquesada\/wp-json\/wp\/v2\/pages"}],"about":[{"href":"https:\/\/pages.stolaf.edu\/cis-pmoreraquesada\/wp-json\/wp\/v2\/types\/page"}],"author":[{"embeddable":true,"href":"https:\/\/pages.stolaf.edu\/cis-pmoreraquesada\/wp-json\/wp\/v2\/users\/3934"}],"replies":[{"embeddable":true,"href":"https:\/\/pages.stolaf.edu\/cis-pmoreraquesada\/wp-json\/wp\/v2\/comments?post=2"}],"version-history":[{"count":4,"href":"https:\/\/pages.stolaf.edu\/cis-pmoreraquesada\/wp-json\/wp\/v2\/pages\/2\/revisions"}],"predecessor-version":[{"id":100,"href":"https:\/\/pages.stolaf.edu\/cis-pmoreraquesada\/wp-json\/wp\/v2\/pages\/2\/revisions\/100"}],"wp:attachment":[{"href":"https:\/\/pages.stolaf.edu\/cis-pmoreraquesada\/wp-json\/wp\/v2\/media?parent=2"}],"curies":[{"name":"wp","href":"https:\/\/api.w.org\/{rel}","templated":true}]}}