{"id":17,"date":"2023-11-27T09:09:58","date_gmt":"2023-11-27T15:09:58","guid":{"rendered":"https:\/\/pages.stolaf.edu\/cis-pmoreraquesada\/?page_id=17"},"modified":"2024-05-14T12:36:29","modified_gmt":"2024-05-14T17:36:29","slug":"about-the-major","status":"publish","type":"page","link":"https:\/\/pages.stolaf.edu\/cis-pmoreraquesada\/about-the-major\/","title":{"rendered":"About the Major"},"content":{"rendered":"\n<p>This major originated as a response to the lack of representation in the Theater and Dance departments at St. Olaf. It was important to me to create a major that allowed me both as a performer and an ally, to create spaces in the performing arts for immigrants, people of color, and LGBTQ+ individuals. <\/p>\n\n\n\n<p>The major simultaneously examines the interactions between identity and inclusivity. To do so, there are three areas of study: 1) the body and the mind, 2) the self, and 3) the community. An education in the Performing Arts should be accessible to all, regardless of their complex identity. However, this is limited by enforced systems of oppression, which need to be challenged by cultivating inclusivity \u2014 an intersectional atmosphere where diverse identities are celebrated. Therefore, to understand how identity and inclusivity relate in the performing arts, it is relevant for me to learn the artistic and social components that influence these interactions.<\/p>\n\n\n\n<p>Esta carrera naci\u00f3 como respuesta a la falta de representaci\u00f3n en los departamentos de Teatro y Danza de St. Olaf. Para m\u00ed era importante crear una especializaci\u00f3n que me permitiera, como int\u00e9rprete y aliade, crear espacios en las artes esc\u00e9nicas para inmigrantes, personas de color e individuos LGBTQ+.<\/p>\n\n\n\n<p>La carrera examina simult\u00e1neamente las interacciones entre identidad e inclusi\u00f3n. Para ello, existen tres \u00e1reas de estudio: 1) el cuerpo y la mente, 2) el yo y 3) la comunidad. La educaci\u00f3n en artes esc\u00e9nicas deber\u00eda ser accesible para todos, independientemente de su identidad compleja. Sin embargo, esto se ve limitado por los sistemas de opresi\u00f3n impuestos, que deben ser desafiados cultivando la inclusi\u00f3n: una atm\u00f3sfera interseccional donde se celebran las diversas identidades. Por lo tanto, para comprender c\u00f3mo se relacionan la identidad y la inclusi\u00f3n en las artes esc\u00e9nicas, es relevante para m\u00ed aprender los componentes art\u00edsticos y sociales que influyen en estas interacciones.<\/p>\n","protected":false},"excerpt":{"rendered":"<p>This major originated as a response to the lack of representation in the Theater and Dance departments at St. Olaf. It was important to me to create a major that allowed me both as a performer and an ally, to create spaces in the performing arts for immigrants, people of color, and LGBTQ+ individuals. The &hellip; <\/p>\n<p class=\"link-more\"><a href=\"https:\/\/pages.stolaf.edu\/cis-pmoreraquesada\/about-the-major\/\" class=\"more-link\">Continue reading<span class=\"screen-reader-text\"> &#8220;About the Major&#8221;<\/span><\/a><\/p>\n","protected":false},"author":3934,"featured_media":0,"parent":0,"menu_order":0,"comment_status":"closed","ping_status":"closed","template":"","meta":{"footnotes":""},"class_list":["post-17","page","type-page","status-publish","hentry"],"jetpack_sharing_enabled":true,"_links":{"self":[{"href":"https:\/\/pages.stolaf.edu\/cis-pmoreraquesada\/wp-json\/wp\/v2\/pages\/17","targetHints":{"allow":["GET"]}}],"collection":[{"href":"https:\/\/pages.stolaf.edu\/cis-pmoreraquesada\/wp-json\/wp\/v2\/pages"}],"about":[{"href":"https:\/\/pages.stolaf.edu\/cis-pmoreraquesada\/wp-json\/wp\/v2\/types\/page"}],"author":[{"embeddable":true,"href":"https:\/\/pages.stolaf.edu\/cis-pmoreraquesada\/wp-json\/wp\/v2\/users\/3934"}],"replies":[{"embeddable":true,"href":"https:\/\/pages.stolaf.edu\/cis-pmoreraquesada\/wp-json\/wp\/v2\/comments?post=17"}],"version-history":[{"count":5,"href":"https:\/\/pages.stolaf.edu\/cis-pmoreraquesada\/wp-json\/wp\/v2\/pages\/17\/revisions"}],"predecessor-version":[{"id":189,"href":"https:\/\/pages.stolaf.edu\/cis-pmoreraquesada\/wp-json\/wp\/v2\/pages\/17\/revisions\/189"}],"wp:attachment":[{"href":"https:\/\/pages.stolaf.edu\/cis-pmoreraquesada\/wp-json\/wp\/v2\/media?parent=17"}],"curies":[{"name":"wp","href":"https:\/\/api.w.org\/{rel}","templated":true}]}}