{"id":347,"date":"2025-02-25T16:29:56","date_gmt":"2025-02-25T22:29:56","guid":{"rendered":"https:\/\/pages.stolaf.edu\/cc2025\/?page_id=347"},"modified":"2025-03-18T02:12:27","modified_gmt":"2025-03-18T07:12:27","slug":"film-screening-talk","status":"publish","type":"page","link":"https:\/\/pages.stolaf.edu\/cc2025\/film-screening-talk\/","title":{"rendered":"Film Screening &#038; Talk"},"content":{"rendered":"<p>[et_pb_section fb_built=&#8221;1&#8243; admin_label=&#8221;section&#8221; _builder_version=&#8221;4.16&#8243; global_colors_info=&#8221;{}&#8221;][et_pb_row admin_label=&#8221;row&#8221; _builder_version=&#8221;4.16&#8243; background_size=&#8221;initial&#8221; background_position=&#8221;top_left&#8221; background_repeat=&#8221;repeat&#8221; custom_padding=&#8221;9px|||||&#8221; global_colors_info=&#8221;{}&#8221;][et_pb_column type=&#8221;4_4&#8243; _builder_version=&#8221;4.16&#8243; custom_padding=&#8221;|||&#8221; global_colors_info=&#8221;{}&#8221; custom_padding__hover=&#8221;|||&#8221;][et_pb_text admin_label=&#8221;Text&#8221; _builder_version=&#8221;4.16&#8243; background_size=&#8221;initial&#8221; background_position=&#8221;top_left&#8221; background_repeat=&#8221;repeat&#8221; global_colors_info=&#8221;{}&#8221;]<\/p>\n<div>\n<p dir=\"ltr\">We are thrilled to share that we will have a special screening and talk with the creators of <strong><em>On High Heels in America<\/em><\/strong> at the Crossings and Connections Conference. Scroll down for more details!<\/p>\n<\/div>\n<div><\/div>\n<p>[\/et_pb_text][\/et_pb_column][\/et_pb_row][et_pb_row _builder_version=&#8221;4.27.4&#8243; _module_preset=&#8221;default&#8221;][et_pb_column _builder_version=&#8221;4.27.4&#8243; _module_preset=&#8221;default&#8221; type=&#8221;4_4&#8243;][et_pb_image src=&#8221;https:\/\/pages.stolaf.edu\/cc2025\/wp-content\/uploads\/sites\/1715\/2025\/03\/On-High-Heels-in-America-Gunhild-Westhagen-Magnor.jpg&#8221; _builder_version=&#8221;4.27.4&#8243; _module_preset=&#8221;default&#8221; title_text=&#8221;On High Heels in America &#8211; Gunhild Westhagen Magnor&#8221; max_width=&#8221;50%&#8221; max_height=&#8221;50%&#8221; align=&#8221;center&#8221; hover_enabled=&#8221;0&#8243; sticky_enabled=&#8221;0&#8243; animation_style=&#8221;flip&#8221; animation_duration=&#8221;1450ms&#8221; animation_speed_curve=&#8221;linear&#8221;][\/et_pb_image][\/et_pb_column][\/et_pb_row][et_pb_row _builder_version=&#8221;4.27.4&#8243; _module_preset=&#8221;default&#8221; custom_padding=&#8221;|||11px||&#8221; global_colors_info=&#8221;{}&#8221;][et_pb_column type=&#8221;4_4&#8243; _builder_version=&#8221;4.27.4&#8243; _module_preset=&#8221;default&#8221; global_colors_info=&#8221;{}&#8221;][et_pb_text _builder_version=&#8221;4.27.4&#8243; _module_preset=&#8221;default&#8221; text_font_size=&#8221;22px&#8221; global_colors_info=&#8221;{}&#8221;]<\/p>\n<p><strong>Title:<\/strong> On high heels in America<br \/><strong>Genre:<\/strong> Documentary<br \/><strong>Duration:<\/strong> 62 minutes<br \/><strong>Written and directed by:<\/strong> Gunhild Westhagen Magnor<br \/><strong>Based on the book:<\/strong> <em>P\u00e5 h\u00f8ye h\u00e6ler i Amerika<\/em> by Siv Ringdal (published by: Pax forlag)<br \/><strong>Producer:<\/strong> Stine Blichfeldt, Them Girls<\/p>\n<p>[\/et_pb_text][\/et_pb_column][\/et_pb_row][et_pb_row _builder_version=&#8221;4.27.4&#8243; _module_preset=&#8221;default&#8221; global_colors_info=&#8221;{}&#8221;][et_pb_column type=&#8221;4_4&#8243; _builder_version=&#8221;4.27.4&#8243; _module_preset=&#8221;default&#8221; global_colors_info=&#8221;{}&#8221;][et_pb_text _builder_version=&#8221;4.27.4&#8243; _module_preset=&#8221;default&#8221; global_colors_info=&#8221;{}&#8221;]<\/p>\n<div><\/div>\n<div><strong><em>A documentary about the courage to leave everything you know behind, the freedom to live, and how the dream of New York changed everything.<\/em><\/strong><\/div>\n<div><strong><em><\/em><\/strong><\/div>\n<div><strong><em><\/em><\/strong><\/div>\n<div>\n<p>\u00a0<span style=\"font-size: 14px;\">In the years 1946 to 1965, many young, unmarried women from the Agder counties, in the southern part of Norway, emigrated to New York to find work. They left their villages and hometowns where material scarcity and pietistic Christianity had affected their upbringing. In New York they gradually became modern, liberated women. Many returned home eventually and brought with them their new lifestyle with them &#8211; influencing Norwegian society.<\/span><\/p>\n<\/div>\n<div>Through intimate and heartfelt stories from six of the women, combined with unique archive footage, we get an insight into their lives at the time. They each tell the story of their grand life journey with humor and wit. The documentary film sheds light on timeless topics, such as social control, women&#8217;s liberation, migration, and the American dream \u2013 topics that are still highly relevant today. This is the last chance to hear these women tell their own stories, which makes this documentary both touching, entertaining and historically valuable.<\/div>\n<div><\/div>\n<div><\/div>\n<div><\/div>\n<div><\/div>\n<div><\/div>\n<div><\/div>\n<div><\/div>\n<div>\n<p><em><\/em><\/p>\n<p><em>The film is both entertaining and thought-provoking. It gives us a collective understanding of who we are, about social control and liberation.<\/em> \u2013 Avisen Agder [translated]<\/p>\n<\/div>\n<p>[\/et_pb_text][\/et_pb_column][\/et_pb_row][\/et_pb_section]<\/p>\n","protected":false},"excerpt":{"rendered":"<p>We are thrilled to share that we will have a special screening and talk with the creators of On High Heels in America at the Crossings and Connections Conference. Scroll down for more details! Title: On high heels in AmericaGenre: DocumentaryDuration: 62 minutesWritten and directed by: Gunhild Westhagen MagnorBased on the book: P\u00e5 h\u00f8ye h\u00e6ler [&hellip;]<\/p>\n","protected":false},"author":901,"featured_media":0,"parent":0,"menu_order":0,"comment_status":"closed","ping_status":"closed","template":"","meta":{"_et_pb_use_builder":"on","_et_pb_old_content":"<div>\r\n<p dir=\"ltr\">We are thrilled to share that we will have a special screening and talk with the creators of <strong><em>On High Heels in America<\/em><\/strong> at the Crossings and Connections Conference.\r\n\r\n<strong><em>A documentary about the courage to leave everything you know behind, the freedom to live, and how the dream of New York changed everything.<\/em><\/strong>\r\n\r\nIn the years 1946 to 1965, many young, unmarried women from the Agder counties, in the southern part of Norway, emigrated to New York to find work. They left their villages and hometowns where material scarcity and pietistic Christianity had affected their upbringing. In New York they gradually became modern, liberated women. Many returned home eventually and brought with them their new lifestyle with them - influencing Norwegian society.<\/p>\r\n\r\n<\/div>\r\n<div>Through intimate and heartfelt stories from six of the women, combined with unique archive footage, we get an insight into their lives at the time. They each tell the story of their grand life journey with humor and wit. The documentary film sheds light on timeless topics, such as social control, women's liberation, migration, and the American dream \u2013 topics that are still highly relevant today. This is the last chance to hear these women tell their own stories, which makes this documentary both touching, entertaining and historically valuable.<\/div>\r\n<div><\/div>\r\n<div><em>The film is both entertaining and thought-provoking. It gives us a collective understanding of who we are, about social control and liberation.<\/em> \u2013 Avisen Agder [translated]\r\n\r\n<\/div>\r\n<div>Title: On high heels in America\r\nGenre: Documentary\r\nDuration: 62 minutes\r\nWritten and directed by: Gunhild Westhagen Magnor\r\nBased on the book: <em>P\u00e5 h\u00f8ye h\u00e6ler i Amerika<\/em> by Siv Ringdal (published by: Pax forlag)\r\nProducer: Stine Blichfeldt, Them Girls<\/div>","_et_gb_content_width":"","footnotes":""},"class_list":["post-347","page","type-page","status-publish","hentry"],"jetpack_sharing_enabled":true,"_links":{"self":[{"href":"https:\/\/pages.stolaf.edu\/cc2025\/wp-json\/wp\/v2\/pages\/347","targetHints":{"allow":["GET"]}}],"collection":[{"href":"https:\/\/pages.stolaf.edu\/cc2025\/wp-json\/wp\/v2\/pages"}],"about":[{"href":"https:\/\/pages.stolaf.edu\/cc2025\/wp-json\/wp\/v2\/types\/page"}],"author":[{"embeddable":true,"href":"https:\/\/pages.stolaf.edu\/cc2025\/wp-json\/wp\/v2\/users\/901"}],"replies":[{"embeddable":true,"href":"https:\/\/pages.stolaf.edu\/cc2025\/wp-json\/wp\/v2\/comments?post=347"}],"version-history":[{"count":14,"href":"https:\/\/pages.stolaf.edu\/cc2025\/wp-json\/wp\/v2\/pages\/347\/revisions"}],"predecessor-version":[{"id":689,"href":"https:\/\/pages.stolaf.edu\/cc2025\/wp-json\/wp\/v2\/pages\/347\/revisions\/689"}],"wp:attachment":[{"href":"https:\/\/pages.stolaf.edu\/cc2025\/wp-json\/wp\/v2\/media?parent=347"}],"curies":[{"name":"wp","href":"https:\/\/api.w.org\/{rel}","templated":true}]}}