{"id":1313,"date":"2025-06-04T13:34:50","date_gmt":"2025-06-04T18:34:50","guid":{"rendered":"https:\/\/pages.stolaf.edu\/cc2025\/?page_id=1313"},"modified":"2025-06-04T13:49:48","modified_gmt":"2025-06-04T18:49:48","slug":"spotlight-sessions","status":"publish","type":"page","link":"https:\/\/pages.stolaf.edu\/cc2025\/sessions\/spotlight-sessions\/","title":{"rendered":"Spotlight Sessions"},"content":{"rendered":"<p><span style=\"color: #000000;\">We are excited to announce six unique Spotlight Sessions for the Crossings and Connections Conference!<\/span><\/p>\n<p class=\"cvGsUA direction-ltr align-start para-style-body\"><strong><span class=\"OYPEnA font-feature-liga-off font-feature-clig-off font-feature-calt-off text-decoration-none text-strikethrough-none\" style=\"color: #000000;\">Spotlight I: Thursday, June 19th, 12.30-1.30 pm &amp; 1.45-2.45 pm<\/span><\/strong><\/p>\n<p class=\"cvGsUA direction-ltr align-start para-style-body\"><strong><span class=\"OYPEnA font-feature-liga-off font-feature-clig-off font-feature-calt-off text-decoration-none text-strikethrough-none\" style=\"color: #000000;\">The Blanket Exercise<\/span><\/strong><\/p>\n<p class=\"cvGsUA direction-ltr align-start para-style-body\"><a href=\"https:\/\/www.google.com\/url?q=https:\/\/boardingschoolhealing.org\/&amp;sa=D&amp;source=docs&amp;ust=1749066367612435&amp;usg=AOvVaw2cOCD9WMM3MBqOPv2qaPzZ\" target=\"_blank\" rel=\"noopener\"><span class=\"OYPEnA font-feature-liga-off font-feature-clig-off font-feature-calt-off text-decoration-none text-strikethrough-none\" style=\"color: #000000;\">National Native American Boarding School Healing Coalition (NABS)<\/span><\/a><\/p>\n<p class=\"cvGsUA direction-ltr align-start para-style-body\"><span style=\"color: #000000;\"><span class=\"OYPEnA font-feature-liga-off font-feature-clig-off font-feature-calt-off text-decoration-none text-strikethrough-none\">D<\/span><span class=\"OYPEnA font-feature-liga-off font-feature-clig-off font-feature-calt-off text-decoration-none text-strikethrough-none\">eidre Whiteman, Sandy White Hawk, Sam Torres<\/span><\/span><\/p>\n<p class=\"cvGsUA direction-ltr align-start para-style-body\"><span class=\"OYPEnA font-feature-liga-off font-feature-clig-off font-feature-calt-off text-decoration-none text-strikethrough-none\" style=\"color: #000000;\">The Blanket Exercise is an experiential learning tool that leads a group of participants through 500+ years of Indigenous history that highlights Native American relationships with European explorers, colonial settlers, and the U.S. federal and state governments.<\/span><\/p>\n<p class=\"cvGsUA direction-ltr align-start para-style-body\"><span class=\"OYPEnA font-feature-liga-off font-feature-clig-off font-feature-calt-off text-decoration-none text-strikethrough-none\" style=\"color: #000000;\">The exercise is interactive and requires participants, as they are able, to stand and move throughout the experience. The Blanket Exercise was first created in Canada and has been used to educate general populations there and in the United States and in many other parts of the world. The Exercise does engage participants both intellectually and emotionally and can in some instances affect individuals deeply.<\/span><\/p>\n<p class=\"cvGsUA direction-ltr align-start para-style-body\"><a href=\"https:\/\/docs.google.com\/forms\/d\/e\/1FAIpQLScs9sSB1IWFyUpfsoH8ihVZExpN-2zjsEClbQjHBe1QmzhAMQ\/viewform\" target=\"_blank\" rel=\"noopener\"><span class=\"OYPEnA font-feature-liga-off font-feature-clig-off font-feature-calt-off text-decoration-none text-strikethrough-none\">Each session is limited to 40 participants. Pre-registration required.<\/span><\/a><\/p>\n<p class=\"cvGsUA direction-ltr align-start para-style-body\"><strong><span class=\"OYPEnA font-feature-liga-off font-feature-clig-off font-feature-calt-off text-decoration-none text-strikethrough-none\" style=\"color: #000000;\">Spotlight II: Friday, June 20th, 8.15-8.45 am<\/span><\/strong><\/p>\n<p class=\"cvGsUA direction-ltr align-start para-style-body\"><strong><span class=\"OYPEnA font-feature-liga-off font-feature-clig-off font-feature-calt-off text-decoration-none text-strikethrough-none\" style=\"color: #000000;\">NAHA and NAHA-Norge: A Century of Making History<\/span><\/strong><\/p>\n<p class=\"cvGsUA direction-ltr align-start para-style-body\"><span class=\"OYPEnA font-feature-liga-off font-feature-clig-off font-feature-calt-off text-decoration-none text-strikethrough-none\" style=\"color: #000000;\">Amy Boxrud, Kristina Warner, and Ellen Volleb\u00e6kk<\/span><\/p>\n<p class=\"cvGsUA direction-ltr align-start para-style-body\"><span class=\"OYPEnA font-feature-liga-off font-feature-clig-off font-feature-calt-off text-decoration-none text-strikethrough-none\" style=\"color: #000000;\">Location: Viking Theater<\/span><\/p>\n<p class=\"cvGsUA direction-ltr align-start para-style-body\"><span class=\"OYPEnA font-feature-liga-off font-feature-clig-off font-feature-calt-off text-decoration-none text-strikethrough-none\" style=\"color: #000000;\">It\u2019s no coincidence that 2025 marks both the bicentennial of Norwegian migration and the centennial of the Norwegian American Historical Association. The NAHA staff will highlight a century of NAHA publications, archives, and membership. In addition, we\u2019ll hear about its more than 40 year relationship with NAHA-Norge, which was originally founded as a Norwegian chapter of NAHA. The organizations now enjoy cooperation in their closely related goals of supporting and promoting research in Norwegian American history.<\/span><\/p>\n<p class=\"cvGsUA direction-ltr align-start para-style-body\"><strong><span class=\"OYPEnA font-feature-liga-off font-feature-clig-off font-feature-calt-off text-decoration-none text-strikethrough-none\" style=\"color: #000000;\">Spotlight III: Friday, June 20th, 10.45-11.30 am<\/span><\/strong><\/p>\n<p class=\"cvGsUA direction-ltr align-start para-style-body\"><strong><span class=\"OYPEnA font-feature-liga-off font-feature-clig-off font-feature-calt-off text-decoration-none text-strikethrough-none\" style=\"color: #000000;\">200 Years of Norwegian Immigration: A Conversation with Odd Lovoll<\/span><\/strong><\/p>\n<p class=\"cvGsUA direction-ltr align-start para-style-body\"><span class=\"OYPEnA font-feature-liga-off font-feature-clig-off font-feature-calt-off text-decoration-none text-strikethrough-none\" style=\"color: #000000;\">Moderator: Kyle Jansson<\/span><\/p>\n<p class=\"cvGsUA direction-ltr align-start para-style-body\"><span class=\"OYPEnA font-feature-liga-off font-feature-clig-off font-feature-calt-off text-decoration-none text-strikethrough-none\" style=\"color: #000000;\">Location: Sun Ballroom<\/span><\/p>\n<p class=\"cvGsUA direction-ltr align-start para-style-body\"><span class=\"OYPEnA font-feature-liga-off font-feature-clig-off font-feature-calt-off text-decoration-none text-strikethrough-none\" style=\"color: #000000;\">Join this special conversation with St. Olaf Professor emeritus, Dr. Odd Sverre Lovoll. Moderated by NAHA President, Kyle Jansson conference attendees will have a special opportunity to join in conversation with our esteemed Norwegian-American historian.<\/span><\/p>\n<p class=\"cvGsUA direction-ltr align-start para-style-body\"><span style=\"color: #000000;\"><span class=\"OYPEnA font-feature-liga-off font-feature-clig-off font-feature-calt-off text-decoration-none text-strikethrough-none\">Professor Lovoll taught at St. Olaf College for 30 years, holding the King Olav V Chair in Scandinavian-American Studies from 1992 to 2000. Additionally, he served as publication editor for The Norwegian-American Historical Association from 1980 until 2001. <\/span><span class=\"OYPEnA font-feature-liga-off font-feature-clig-off font-feature-calt-off text-decoration-none text-strikethrough-none\">Dr. Lovoll spent his entire career chronicling the stories of Norwegian immigrants to the United States and Canada, and that hasn\u2019t ended with his retirement!<\/span><\/span><\/p>\n<p class=\"cvGsUA direction-ltr align-start para-style-body\"><span class=\"OYPEnA font-feature-liga-off font-feature-clig-off font-feature-calt-off text-decoration-none text-strikethrough-none\" style=\"color: #000000;\">His most well known publications include:<\/span><\/p>\n<ul>\n<li><span style=\"color: #000000;\"><span class=\"OYPEnA font-feature-liga-off font-feature-clig-off font-feature-calt-off text-decoration-none text-strikethrough-none\">A Folk Epic: The Bygdelag in America<\/span><span class=\"OYPEnA font-feature-liga-off font-feature-clig-off font-feature-calt-off text-decoration-none text-strikethrough-none\"> (1975)<\/span><\/span><\/li>\n<li><span style=\"color: #000000;\"><span class=\"OYPEnA font-feature-liga-off font-feature-clig-off font-feature-calt-off text-decoration-none text-strikethrough-none\">The Promise of America: a History of the Norwegian-American people<\/span><span class=\"OYPEnA font-feature-liga-off font-feature-clig-off font-feature-calt-off text-decoration-none text-strikethrough-none\"> (1983) and updated in 2025.<\/span><\/span><\/li>\n<li><span style=\"color: #000000;\"><span class=\"OYPEnA font-feature-liga-off font-feature-clig-off font-feature-calt-off text-decoration-none text-strikethrough-none\">A Century of Urban Life: the Norwegians in Chicago before 1930<\/span><span class=\"OYPEnA font-feature-liga-off font-feature-clig-off font-feature-calt-off text-decoration-none text-strikethrough-none\"> (1988)<\/span><\/span><\/li>\n<li><span style=\"color: #000000;\"><span class=\"OYPEnA font-feature-liga-off font-feature-clig-off font-feature-calt-off text-decoration-none text-strikethrough-none\">The Promise Fulfilled: a Portrait of Norwegian Americans today<\/span><span class=\"OYPEnA font-feature-liga-off font-feature-clig-off font-feature-calt-off text-decoration-none text-strikethrough-none\"> (1998)<\/span><\/span><\/li>\n<li><span style=\"color: #000000;\"><span class=\"OYPEnA font-feature-liga-off font-feature-clig-off font-feature-calt-off text-decoration-none text-strikethrough-none\">Norwegians on the Prairie: Ethnicity and the Development of the Country Town<\/span><span class=\"OYPEnA font-feature-liga-off font-feature-clig-off font-feature-calt-off text-decoration-none text-strikethrough-none\"> (2006)<\/span><\/span><\/li>\n<li><span style=\"color: #000000;\"><span class=\"OYPEnA font-feature-liga-off font-feature-clig-off font-feature-calt-off text-decoration-none text-strikethrough-none\">Norwegian newspapers in America: connecting Norway and the new land<\/span><span class=\"OYPEnA font-feature-liga-off font-feature-clig-off font-feature-calt-off text-decoration-none text-strikethrough-none\"> (2010)<\/span><\/span><\/li>\n<li><span style=\"color: #000000;\"><span class=\"OYPEnA font-feature-liga-off font-feature-clig-off font-feature-calt-off text-decoration-none text-strikethrough-none\">Across the deep blue sea: the saga of early Norwegian immigrants<\/span><span class=\"OYPEnA font-feature-liga-off font-feature-clig-off font-feature-calt-off text-decoration-none text-strikethrough-none\"> (2015)<\/span><\/span><\/li>\n<li><span style=\"color: #000000;\"><span class=\"OYPEnA font-feature-liga-off font-feature-clig-off font-feature-calt-off text-decoration-none text-strikethrough-none\">Two Homelands: A Historian Considers His Life and Work<\/span><span class=\"OYPEnA font-feature-liga-off font-feature-clig-off font-feature-calt-off text-decoration-none text-strikethrough-none\"> (2018)<\/span><\/span><\/li>\n<li><span style=\"color: #000000;\"><span class=\"OYPEnA font-feature-liga-off font-feature-clig-off font-feature-calt-off text-decoration-none text-strikethrough-none\">Colonel Hans Christian Heg and the Norwegian American Experience<\/span><span class=\"OYPEnA font-feature-liga-off font-feature-clig-off font-feature-calt-off text-decoration-none text-strikethrough-none\"> (2023)<\/span><\/span><\/li>\n<\/ul>\n<p class=\"cvGsUA direction-ltr align-start para-style-body\"><strong><span class=\"OYPEnA font-feature-liga-off font-feature-clig-off font-feature-calt-off text-decoration-none text-strikethrough-none\" style=\"color: #000000;\">Spotlight IV: Friday, June 20th, 1.15-3.15pm<\/span><\/strong><\/p>\n<p class=\"cvGsUA direction-ltr align-start para-style-body\"><strong><span class=\"OYPEnA font-feature-liga-off font-feature-clig-off font-feature-calt-off text-decoration-none text-strikethrough-none\" style=\"color: #000000;\">Film Screening and Talk<\/span><\/strong><\/p>\n<p class=\"cvGsUA direction-ltr align-start para-style-body\"><span class=\"OYPEnA font-feature-liga-off font-feature-clig-off font-feature-calt-off text-decoration-none text-strikethrough-none\" style=\"color: #000000;\">Gunhild Westhagen Magnor &amp; Siv Ringdal<\/span><\/p>\n<p class=\"cvGsUA direction-ltr align-start para-style-body\"><span class=\"OYPEnA font-feature-liga-off font-feature-clig-off font-feature-calt-off text-decoration-none text-strikethrough-none\" style=\"color: #000000;\">Location: TOH 280<\/span><\/p>\n<p class=\"cvGsUA direction-ltr align-start para-style-body\"><span style=\"color: #000000;\"><span class=\"OYPEnA font-feature-liga-off font-feature-clig-off font-feature-calt-off text-decoration-none text-strikethrough-none\">Title:<\/span><span class=\"OYPEnA font-feature-liga-off font-feature-clig-off font-feature-calt-off text-decoration-none text-strikethrough-none\"> On high heels in America<\/span><\/span><\/p>\n<p class=\"cvGsUA direction-ltr align-start para-style-body\"><span style=\"color: #000000;\"><span class=\"OYPEnA font-feature-liga-off font-feature-clig-off font-feature-calt-off text-decoration-none text-strikethrough-none\">Genre:<\/span><span class=\"OYPEnA font-feature-liga-off font-feature-clig-off font-feature-calt-off text-decoration-none text-strikethrough-none\"> Documentary<\/span><\/span><\/p>\n<p class=\"cvGsUA direction-ltr align-start para-style-body\"><span style=\"color: #000000;\"><span class=\"OYPEnA font-feature-liga-off font-feature-clig-off font-feature-calt-off text-decoration-none text-strikethrough-none\">Duration:<\/span><span class=\"OYPEnA font-feature-liga-off font-feature-clig-off font-feature-calt-off text-decoration-none text-strikethrough-none\"> 62 minutes<\/span><\/span><\/p>\n<p class=\"cvGsUA direction-ltr align-start para-style-body\"><span style=\"color: #000000;\"><span class=\"OYPEnA font-feature-liga-off font-feature-clig-off font-feature-calt-off text-decoration-none text-strikethrough-none\">Written and directed by:<\/span><span class=\"OYPEnA font-feature-liga-off font-feature-clig-off font-feature-calt-off text-decoration-none text-strikethrough-none\"> Gunhild Westhagen Magnor<\/span><\/span><\/p>\n<p class=\"cvGsUA direction-ltr align-start para-style-body\"><span style=\"color: #000000;\"><span class=\"OYPEnA font-feature-liga-off font-feature-clig-off font-feature-calt-off text-decoration-none text-strikethrough-none\">Based on the book:<\/span> <span class=\"OYPEnA font-feature-liga-off font-feature-clig-off font-feature-calt-off text-decoration-none text-strikethrough-none\">P\u00e5 h\u00f8ye h\u00e6ler i Amerika<\/span><span class=\"OYPEnA font-feature-liga-off font-feature-clig-off font-feature-calt-off text-decoration-none text-strikethrough-none\"> by Siv Ringdal (published by: Pax forlag)<\/span><\/span><\/p>\n<p class=\"cvGsUA direction-ltr align-start para-style-body\"><span style=\"color: #000000;\"><span class=\"OYPEnA font-feature-liga-off font-feature-clig-off font-feature-calt-off text-decoration-none text-strikethrough-none\">Producer:<\/span><span class=\"OYPEnA font-feature-liga-off font-feature-clig-off font-feature-calt-off text-decoration-none text-strikethrough-none\"> Stine Blichfeldt, Them Girls<\/span><\/span><\/p>\n<p class=\"cvGsUA direction-ltr align-start para-style-body\"><span class=\"OYPEnA font-feature-liga-off font-feature-clig-off font-feature-calt-off text-decoration-none text-strikethrough-none\" style=\"color: #000000;\">A documentary about the courage to leave everything you know behind, the freedom to live, and how the dream of New York changed everything.<\/span><\/p>\n<p class=\"cvGsUA direction-ltr align-start para-style-body\"><span class=\"OYPEnA font-feature-liga-off font-feature-clig-off font-feature-calt-off text-decoration-none text-strikethrough-none\" style=\"color: #000000;\">In the years 1946 to 1965, many young, unmarried women from the Agder counties, in the southern part of Norway, emigrated to New York to find work. They left their villages and hometowns where material scarcity and pietistic Christianity had affected their upbringing. In New York they gradually became modern, liberated women. Many returned home eventually and brought with them their new lifestyle with them \u2013 influencing Norwegian society.<\/span><\/p>\n<p class=\"cvGsUA direction-ltr align-start para-style-body\"><span class=\"OYPEnA font-feature-liga-off font-feature-clig-off font-feature-calt-off text-decoration-none text-strikethrough-none\" style=\"color: #000000;\">Through intimate and heartfelt stories from six of the women, combined with unique archive footage, we get an insight into their lives at the time. They each tell the story of their grand life journey with humor and wit. The documentary film sheds light on timeless topics, such as social control, women\u2019s liberation, migration, and the American dream \u2013 topics that are still highly relevant today. This is the last chance to hear these women tell their own stories, which makes this documentary both touching, entertaining and historically valuable.<\/span><\/p>\n<p class=\"cvGsUA direction-ltr align-start para-style-body\"><span class=\"OYPEnA font-feature-liga-off font-feature-clig-off font-feature-calt-off text-decoration-none text-strikethrough-none\" style=\"color: #000000;\">1.15-1.35: Introduction Talk (20 minutes)<\/span><\/p>\n<p class=\"cvGsUA direction-ltr align-start para-style-body\"><span class=\"OYPEnA font-feature-liga-off font-feature-clig-off font-feature-calt-off text-decoration-none text-strikethrough-none\" style=\"color: #000000;\">1.35-2.35: Film Screening<\/span><\/p>\n<p class=\"cvGsUA direction-ltr align-start para-style-body\"><span class=\"OYPEnA font-feature-liga-off font-feature-clig-off font-feature-calt-off text-decoration-none text-strikethrough-none\" style=\"color: #000000;\">2.45-3.15: Q&amp;A w\/ Lori Lahlum and Olivia Gunn (30 minutes)<\/span><\/p>\n<p class=\"cvGsUA direction-ltr align-start para-style-body\"><span style=\"color: #000000;\"><em><span class=\"OYPEnA font-feature-liga-off font-feature-clig-off font-feature-calt-off text-decoration-none text-strikethrough-none\">Special thanks to the Norwegian Film Institute for sponsoring Gunhild\u2019s attendance.<\/span><\/em><\/span><\/p>\n<p class=\"cvGsUA direction-ltr align-start para-style-body\"><strong><span class=\"OYPEnA font-feature-liga-off font-feature-clig-off font-feature-calt-off text-decoration-none text-strikethrough-none\" style=\"color: #000000;\">Spotlight V: Friday, June 20th, 3.45-4.45 pm<\/span><\/strong><\/p>\n<p class=\"cvGsUA direction-ltr align-start para-style-body\"><strong><span class=\"OYPEnA font-feature-liga-off font-feature-clig-off font-feature-calt-off text-decoration-none text-strikethrough-none\" style=\"color: #000000;\">Fred Kavli: A Legacy of Innovation, Philanthropy, and Scientific Vision<\/span><\/strong><\/p>\n<p class=\"cvGsUA direction-ltr align-start para-style-body\"><span class=\"OYPEnA font-feature-liga-off font-feature-clig-off font-feature-calt-off text-decoration-none text-strikethrough-none\" style=\"color: #000000;\">Hans-Olav Solli, Petra Hand<\/span><\/p>\n<p class=\"cvGsUA direction-ltr align-start para-style-body\"><span style=\"color: #000000;\"><span class=\"OYPEnA font-feature-liga-off font-feature-clig-off font-feature-calt-off text-decoration-none text-strikethrough-none\">Moderator:<\/span> <span class=\"OYPEnA font-feature-liga-off font-feature-clig-off font-feature-calt-off text-decoration-none text-strikethrough-none\">Jenna Coughlin<\/span><\/span><\/p>\n<p class=\"cvGsUA direction-ltr align-start para-style-body\"><span class=\"OYPEnA font-feature-liga-off font-feature-clig-off font-feature-calt-off text-decoration-none text-strikethrough-none\" style=\"color: #000000;\">Location: Viking Theater<\/span><\/p>\n<p class=\"cvGsUA direction-ltr align-start para-style-body\"><span class=\"OYPEnA font-feature-liga-off font-feature-clig-off font-feature-calt-off text-decoration-none text-strikethrough-none\" style=\"color: #000000;\">Fred Kavli (1927\u20132013) was a Norwegian-American entrepreneur, physicist, and philanthropist whose life journey \u2013 from a small farm in Norway to California where he founded one of the world\u2019s leading sensor technology companies and philanthropic science foundations \u2013 embodies the spirit of innovation and global impact. This session explores Kavli\u2019s remarkable contributions to science and society, including the founding of The Kavli Foundation, which supports cutting-edge research in astrophysics, nanoscience, neuroscience, and theoretical physics; the establishment of The Kavli Prize that recognizes scientific breakthroughs; and the creation of the Fred Kavli Knowledge Center for Innovation and Entrepreneurship in Norway. Presented by Hans-Olav Solli, Director of The Romsdal Museum (Norway) and Petra Hand, Kavli Prize Manager and Fred Kavli Knowledge Center Liaison (Norway), the session will examine Kavli\u2019s life and influences as well as how his vision continues to shape the scientific landscape for the benefit of humanity. Attendees will gain a deeper appreciation for how one individual\u2019s courage, curiosity and passion for knowledge can leave a lasting legacy that transcends borders and disciplines.<\/span><\/p>\n<p class=\"cvGsUA direction-ltr align-start para-style-body\"><strong><span class=\"OYPEnA font-feature-liga-off font-feature-clig-off font-feature-calt-off text-decoration-none text-strikethrough-none\" style=\"color: #000000;\">Spotlight VI: Reception and Exhibit<\/span><\/strong><\/p>\n<p class=\"cvGsUA direction-ltr align-start para-style-body\"><strong><span class=\"OYPEnA font-feature-liga-off font-feature-clig-off font-feature-calt-off text-decoration-none text-strikethrough-none\" style=\"color: #000000;\">Location: Groot Gallery, Center for Art and Dance<\/span><\/strong><\/p>\n<p class=\"cvGsUA direction-ltr align-start para-style-body\"><span class=\"OYPEnA font-feature-liga-off font-feature-clig-off font-feature-calt-off text-decoration-none text-strikethrough-none\" style=\"color: #000000;\">Reception: Friday, June 20th, 5.00-6.15 w\/ remarks at 5.30<\/span><\/p>\n<p class=\"cvGsUA direction-ltr align-start para-style-body\"><span style=\"color: #000000;\"><em><span class=\"OYPEnA font-feature-liga-off font-feature-clig-off font-feature-calt-off text-decoration-none text-strikethrough-none\">Reception generously sponsored by the Kavli Foundation.<\/span><\/em><\/span><\/p>\n<p class=\"cvGsUA direction-ltr align-start para-style-body\"><span style=\"color: #000000;\"><span class=\"OYPEnA font-feature-liga-off font-feature-clig-off font-feature-calt-off text-decoration-none text-strikethrough-none\">Remarks by Hanne Monclair,<\/span><span class=\"OYPEnA font-feature-liga-off font-feature-clig-off font-feature-calt-off text-decoration-none text-strikethrough-none\"> Norwegian Embassy in Washington D.C. and Norwegian Ministry of Education and Research at 5.30<\/span><\/span><\/p>\n<p class=\"cvGsUA direction-ltr align-start para-style-body\"><strong><span style=\"color: #000000;\"><span class=\"OYPEnA font-feature-liga-off font-feature-clig-off font-feature-calt-off text-decoration-none text-strikethrough-none\">Exhibit: <\/span><span class=\"OYPEnA font-feature-liga-off font-feature-clig-off font-feature-calt-off text-decoration-none text-strikethrough-none\">Illuminating 200 Years of Norwegians in North America, ongoing<\/span><\/span><\/strong><\/p>\n<p class=\"cvGsUA direction-ltr align-start para-style-body\"><span class=\"OYPEnA font-feature-liga-off font-feature-clig-off font-feature-calt-off text-decoration-none text-strikethrough-none\" style=\"color: #000000;\">This exhibit commemorates 200 years of Norwegian immigration to North America, tracing the stories of individuals and communities who helped shape the American landscape while preserving deep ties to their heritage. From the bravery of wartime efforts to the creativity of artists, writers, and entrepreneurs, these narratives reflect resilience, identity, and connection. Through photographs, letters, newspapers, and artifacts, visitors are invited to explore how Norwegian Americans built community, navigated change, and contributed tothe cultural fabric of the United States and Canada.<\/span><\/p>\n<p class=\"cvGsUA direction-ltr align-start para-style-body\"><span class=\"OYPEnA font-feature-liga-off font-feature-clig-off font-feature-calt-off text-decoration-none text-strikethrough-none\" style=\"color: #000000;\">For a century, the Norwegian American Historical Association has safeguarded the stories of these individuals and communities. This exhibit marks the centennial of NAHA\u2019s founding in 1925. Drawing from the association\u2019s vast archival collections, this exhibit reflects two centuries of movement, memory, and meaning. From handwritten letters to photographs, each item on display is a voice from the past, illuminating the lives, struggles, and dreams of those who came to North America. This exhibit is not only a commemoration of history preserved, but a call to remember that heritage is not static, but living\u2014carried forward in the stories that are shared and the power of memory.<\/span><\/p>\n","protected":false},"excerpt":{"rendered":"<p>We are excited to announce six unique Spotlight Sessions for the Crossings and Connections Conference! Spotlight I: Thursday, June 19th, 12.30-1.30 pm &amp; 1.45-2.45 pm The Blanket Exercise National Native American Boarding School Healing Coalition (NABS) Deidre Whiteman, Sandy White Hawk, Sam Torres The Blanket Exercise is an experiential learning tool that leads a group [&hellip;]<\/p>\n","protected":false},"author":5455,"featured_media":0,"parent":296,"menu_order":0,"comment_status":"closed","ping_status":"closed","template":"","meta":{"_et_pb_use_builder":"","_et_pb_old_content":"","_et_gb_content_width":"","footnotes":""},"class_list":["post-1313","page","type-page","status-publish","hentry"],"jetpack_sharing_enabled":true,"_links":{"self":[{"href":"https:\/\/pages.stolaf.edu\/cc2025\/wp-json\/wp\/v2\/pages\/1313","targetHints":{"allow":["GET"]}}],"collection":[{"href":"https:\/\/pages.stolaf.edu\/cc2025\/wp-json\/wp\/v2\/pages"}],"about":[{"href":"https:\/\/pages.stolaf.edu\/cc2025\/wp-json\/wp\/v2\/types\/page"}],"author":[{"embeddable":true,"href":"https:\/\/pages.stolaf.edu\/cc2025\/wp-json\/wp\/v2\/users\/5455"}],"replies":[{"embeddable":true,"href":"https:\/\/pages.stolaf.edu\/cc2025\/wp-json\/wp\/v2\/comments?post=1313"}],"version-history":[{"count":3,"href":"https:\/\/pages.stolaf.edu\/cc2025\/wp-json\/wp\/v2\/pages\/1313\/revisions"}],"predecessor-version":[{"id":1346,"href":"https:\/\/pages.stolaf.edu\/cc2025\/wp-json\/wp\/v2\/pages\/1313\/revisions\/1346"}],"up":[{"embeddable":true,"href":"https:\/\/pages.stolaf.edu\/cc2025\/wp-json\/wp\/v2\/pages\/296"}],"wp:attachment":[{"href":"https:\/\/pages.stolaf.edu\/cc2025\/wp-json\/wp\/v2\/media?parent=1313"}],"curies":[{"name":"wp","href":"https:\/\/api.w.org\/{rel}","templated":true}]}}