{"id":92,"date":"2024-05-13T10:28:52","date_gmt":"2024-05-13T15:28:52","guid":{"rendered":"https:\/\/pages.stolaf.edu\/anzu-gallery\/?page_id=92"},"modified":"2024-05-13T11:40:50","modified_gmt":"2024-05-13T16:40:50","slug":"%e3%81%8a%e3%81%b0%e3%81%95%e3%82%93%e3%81%a8vectetins","status":"publish","type":"page","link":"https:\/\/pages.stolaf.edu\/anzu-gallery\/home-page\/%e3%81%8a%e3%81%b0%e3%81%95%e3%82%93%e3%81%a8vectetins\/","title":{"rendered":"\u304a\u3070\u3055\u3093\u3068vect\u0113ti\u0146\u0161"},"content":{"rendered":"<p><img loading=\"lazy\" decoding=\"async\" class=\"alignnone size-medium wp-image-96\" src=\"https:\/\/pages.stolaf.edu\/anzu-gallery\/wp-content\/uploads\/sites\/1755\/2024\/05\/PortfolioImage-69-of-4-300x156.jpg\" alt=\"\" width=\"300\" height=\"156\" srcset=\"https:\/\/pages.stolaf.edu\/anzu-gallery\/wp-content\/uploads\/sites\/1755\/2024\/05\/PortfolioImage-69-of-4-300x156.jpg 300w, https:\/\/pages.stolaf.edu\/anzu-gallery\/wp-content\/uploads\/sites\/1755\/2024\/05\/PortfolioImage-69-of-4-1024x534.jpg 1024w, https:\/\/pages.stolaf.edu\/anzu-gallery\/wp-content\/uploads\/sites\/1755\/2024\/05\/PortfolioImage-69-of-4-150x78.jpg 150w, https:\/\/pages.stolaf.edu\/anzu-gallery\/wp-content\/uploads\/sites\/1755\/2024\/05\/PortfolioImage-69-of-4-768x400.jpg 768w, https:\/\/pages.stolaf.edu\/anzu-gallery\/wp-content\/uploads\/sites\/1755\/2024\/05\/PortfolioImage-69-of-4-1536x801.jpg 1536w, https:\/\/pages.stolaf.edu\/anzu-gallery\/wp-content\/uploads\/sites\/1755\/2024\/05\/PortfolioImage-69-of-4-2048x1068.jpg 2048w\" sizes=\"auto, (max-width: 300px) 100vw, 300px\" \/><img loading=\"lazy\" decoding=\"async\" class=\"alignnone size-medium wp-image-97\" src=\"https:\/\/pages.stolaf.edu\/anzu-gallery\/wp-content\/uploads\/sites\/1755\/2024\/05\/PortfolioImage-65-of-1-300x204.jpg\" alt=\"\" width=\"300\" height=\"204\" srcset=\"https:\/\/pages.stolaf.edu\/anzu-gallery\/wp-content\/uploads\/sites\/1755\/2024\/05\/PortfolioImage-65-of-1-300x204.jpg 300w, https:\/\/pages.stolaf.edu\/anzu-gallery\/wp-content\/uploads\/sites\/1755\/2024\/05\/PortfolioImage-65-of-1-1024x696.jpg 1024w, https:\/\/pages.stolaf.edu\/anzu-gallery\/wp-content\/uploads\/sites\/1755\/2024\/05\/PortfolioImage-65-of-1-150x102.jpg 150w, https:\/\/pages.stolaf.edu\/anzu-gallery\/wp-content\/uploads\/sites\/1755\/2024\/05\/PortfolioImage-65-of-1-768x522.jpg 768w, https:\/\/pages.stolaf.edu\/anzu-gallery\/wp-content\/uploads\/sites\/1755\/2024\/05\/PortfolioImage-65-of-1-1536x1044.jpg 1536w, https:\/\/pages.stolaf.edu\/anzu-gallery\/wp-content\/uploads\/sites\/1755\/2024\/05\/PortfolioImage-65-of-1-2048x1392.jpg 2048w\" sizes=\"auto, (max-width: 300px) 100vw, 300px\" \/><\/p>\n<p><span style=\"font-weight: 400;\">It\u2019s confusing being so spread out. I\u2019m part \u2018model minority.\u2019 Maybe a victim of racial oppression. I have been taught to never be a victim. I am only half anything and nothing in me feels whole. Do I have a homeland? Can I ever feel safe and at home anywhere? My genes from \u304a\u3070\u3055\u3093 (Grandma) and Vect\u0113ti\u0146\u0161 (Grandpa) transmit generational trauma, great skills, and flaws in my genetic code. How can one pursue their ancestry without knowing that it can break you as easily as it can shape you?<\/span><\/p>\n<h1><span style=\"font-weight: 400;\">Process of \u304a\u3070\u3055\u3093\u3068Vect\u0113ti\u0146\u0161<\/span><\/h1>\n<p><span style=\"font-weight: 400;\">I looked into the traditional pottery methods of both Latvia and Japan looking for similarities and differences. I \u00a0decided to try using a method of firing popularly known as Obvara known in Latvian as r\u016bd\u012bt\u0101 keramika or melnie podi. It is shown in the video\u00a0 <\/span><a href=\"https:\/\/drive.google.com\/file\/d\/10oMytx7aWMD6D0o5CyYev4HqMEBOVFj6\/view?t=41\"><span style=\"font-weight: 400;\" data-rich-links=\"{&quot;fple-t&quot;:&quot;final obvara video.MOV&quot;,&quot;fple-u&quot;:&quot;https:\/\/drive.google.com\/file\/d\/10oMytx7aWMD6D0o5CyYev4HqMEBOVFj6\/view?t=41&quot;,&quot;fple-mt&quot;:&quot;video\/quicktime&quot;,&quot;type&quot;:&quot;first-party-link&quot;}\">final obvara video.MOV<\/span><\/a> <span style=\"font-weight: 400;\">One bucket had a fermented mixture of warm water yeast sugar and flour, the mixture that you will find widely recommended on the internet. However I wanted to incorporate the idea of food waste management and what my family traditionally eats on both sides of my family into the dipping mixture. So in the lighter white mixture there is rice, all purpose flour, sake, yeast, umeboshi aka Japanese pickled plums, a bit of the shiso leaf that is traditionally packaged with the plums, pickled ginger, and sugar. In the red\/pink mixture went rye flour, sugar, yeast, pickled beets and their juice, R\u012bga Melnais Balzams (a traditional liquor), and milk. The fermentation for the two buckets with alcohol happened off campus in my house and was quite bad smelling by the 4th day (it went on for 7). The fermentation mixes well with the unclear boundary between life and death that I enjoy playing with. The yeast is eating the food that you give it and the chemical reaction that happens depends on the food you give to the yeast. The gasses and the smells also depend on this food. The shape of the pots is created using the Japanese technique called kurinuki which involves taking a solid block of clay and carving away from it. Revealing the form that is hidden beneath.\u00a0<\/span><\/p>\n<h3>Specs<\/h3>\n<p>Title: \u304a\u3070\u3055\u3093\u3068vect\u0113ti\u0146\u0161<\/p>\n<p>Date: 4\/15\/2024<\/p>\n<p>Medium: Stoneware Ceramics<\/p>\n<p>Scale: Various<\/p>\n","protected":false},"excerpt":{"rendered":"<p>It\u2019s confusing being so spread out. I\u2019m part \u2018model minority.\u2019 Maybe a victim of racial oppression. I have been taught to never be a victim. I am only half anything and nothing in me feels whole. Do I have a homeland? Can I ever feel safe and at home anywhere? My genes from \u304a\u3070\u3055\u3093 (Grandma) [&hellip;]<\/p>\n","protected":false},"author":5226,"featured_media":0,"parent":2,"menu_order":0,"comment_status":"closed","ping_status":"closed","template":"","meta":{"footnotes":""},"class_list":["post-92","page","type-page","status-publish","hentry"],"_links":{"self":[{"href":"https:\/\/pages.stolaf.edu\/anzu-gallery\/wp-json\/wp\/v2\/pages\/92","targetHints":{"allow":["GET"]}}],"collection":[{"href":"https:\/\/pages.stolaf.edu\/anzu-gallery\/wp-json\/wp\/v2\/pages"}],"about":[{"href":"https:\/\/pages.stolaf.edu\/anzu-gallery\/wp-json\/wp\/v2\/types\/page"}],"author":[{"embeddable":true,"href":"https:\/\/pages.stolaf.edu\/anzu-gallery\/wp-json\/wp\/v2\/users\/5226"}],"replies":[{"embeddable":true,"href":"https:\/\/pages.stolaf.edu\/anzu-gallery\/wp-json\/wp\/v2\/comments?post=92"}],"version-history":[{"count":3,"href":"https:\/\/pages.stolaf.edu\/anzu-gallery\/wp-json\/wp\/v2\/pages\/92\/revisions"}],"predecessor-version":[{"id":143,"href":"https:\/\/pages.stolaf.edu\/anzu-gallery\/wp-json\/wp\/v2\/pages\/92\/revisions\/143"}],"up":[{"embeddable":true,"href":"https:\/\/pages.stolaf.edu\/anzu-gallery\/wp-json\/wp\/v2\/pages\/2"}],"wp:attachment":[{"href":"https:\/\/pages.stolaf.edu\/anzu-gallery\/wp-json\/wp\/v2\/media?parent=92"}],"curies":[{"name":"wp","href":"https:\/\/api.w.org\/{rel}","templated":true}]}}