{"id":119,"date":"2014-06-10T11:19:27","date_gmt":"2014-06-10T16:19:27","guid":{"rendered":"https:\/\/pages.stolaf.edu\/antiochia2014\/?page_id=119"},"modified":"2026-02-08T12:00:54","modified_gmt":"2026-02-08T18:00:54","slug":"syllabus","status":"publish","type":"page","link":"https:\/\/pages.stolaf.edu\/antiochia2014\/syllabus\/","title":{"rendered":"Archaeological Internship at Antiochia: July 11 &#8211; 8 August, 2026"},"content":{"rendered":"<div id=\"page-wrap\" style=\"margin: auto;\">\n<p>&nbsp;<\/p>\n<p>The collaborative research internship at Antiochia is intended to expose St. Olaf students to archaeological methodologies as well as the cultural heritage, the history, and field practices employed by ancient historians when studying ancient cultures. The 2026 season will focus on the Early Christian and Cilcian Pirate\/Imperial Roman community at the site of Antiochia ad Cragum in Antalya province, southern Turkey. Historically, Antiochia with its harbor possibly served as one of the havens for the Cilician pirates who operated from these shores and preyed upon shipping and coastal communities of the eastern Mediterranean during the first half of the first century BCE. Pompey the Great ended the pirate scourge in 67 with a naval victory at nearby Korakesion (Alanya). No traces of Antiochia\u2019s pirate past survive among the remains visible today. The emperor Caligula ceded control of Rough Cilicia to a client-king of Rome, Antiochos IV of Kommagene, for a brief period in CE 38 before summarily deposing him; Antiochus was then restored to power in CE 41 by Emperor Claudius.\u00a0 He ruled continuously until CE 72, during which period he founded the city named after himself.\u00a0 After Antiochus was removed by Vespasian in 72 CE, the city, along with the rest of Rough Cilicia, fell under direct Roman rule as part of the enlarged Province of Cilicia.\u00a0 The city appears to have reached its greatest extent during the later Roman Empire, from the third century on.<\/p>\n<h3><img loading=\"lazy\" decoding=\"async\" data-attachment-id=\"2823\" data-permalink=\"https:\/\/pages.stolaf.edu\/antiochia2014\/syllabus\/map\/\" data-orig-file=\"https:\/\/pages.stolaf.edu\/antiochia2014\/wp-content\/uploads\/sites\/293\/2023\/06\/Map.jpg\" data-orig-size=\"2560,1437\" data-comments-opened=\"0\" data-image-meta=\"{&quot;aperture&quot;:&quot;0&quot;,&quot;credit&quot;:&quot;&quot;,&quot;camera&quot;:&quot;&quot;,&quot;caption&quot;:&quot;&quot;,&quot;created_timestamp&quot;:&quot;0&quot;,&quot;copyright&quot;:&quot;&quot;,&quot;focal_length&quot;:&quot;0&quot;,&quot;iso&quot;:&quot;0&quot;,&quot;shutter_speed&quot;:&quot;0&quot;,&quot;title&quot;:&quot;&quot;,&quot;orientation&quot;:&quot;0&quot;}\" data-image-title=\"Map\" data-image-description=\"\" data-image-caption=\"\" data-large-file=\"https:\/\/pages.stolaf.edu\/antiochia2014\/wp-content\/uploads\/sites\/293\/2023\/06\/Map-1024x575.jpg\" class=\"alignnone wp-image-2823 size-full\" src=\"https:\/\/pages.stolaf.edu\/antiochia2014\/wp-content\/uploads\/sites\/293\/2023\/06\/Map.jpg\" alt=\"\" width=\"2560\" height=\"1437\" srcset=\"https:\/\/pages.stolaf.edu\/antiochia2014\/wp-content\/uploads\/sites\/293\/2023\/06\/Map.jpg 2560w, https:\/\/pages.stolaf.edu\/antiochia2014\/wp-content\/uploads\/sites\/293\/2023\/06\/Map-1280x719.jpg 1280w, https:\/\/pages.stolaf.edu\/antiochia2014\/wp-content\/uploads\/sites\/293\/2023\/06\/Map-980x550.jpg 980w, https:\/\/pages.stolaf.edu\/antiochia2014\/wp-content\/uploads\/sites\/293\/2023\/06\/Map-480x269.jpg 480w\" sizes=\"(min-width: 0px) and (max-width: 480px) 480px, (min-width: 481px) and (max-width: 980px) 980px, (min-width: 981px) and (max-width: 1280px) 1280px, (min-width: 1281px) 2560px, 100vw\" \/><\/h3>\n<h3>Staff:<\/h3>\n<p>Dr Candace Rice, Antiochia Research Project Director and Primary Investigator (Brown University)<br \/>\nDr. Timothy Howe, Antiochia Research Project Director, Acropolis Project Director, and St. Olaf Internship Supervisor (St. Olaf College)<br \/>\nDr. Asena K\u0131z\u0131larslano\u011flu, Ceramics Research Director (Kastamonu University, Turkey)<br \/>\nDr. Leticia Rodrigues, Field Director (University of Houston)<\/p>\n<p>Dennis Murphy, Aqueduct Survey Director (NASA, Lockheed-Martin, retired)<br \/>\nMary Howe, Acropolis Project Associate Director, St. Olaf Internship Co-Supervisor (St. Olaf College)<\/p>\n<h3>Internship Objectives:<\/h3>\n<p>The intern will demonstrate the ability to:<\/p>\n<ol>\n<li>Excavate, process and record archaeological material<\/li>\n<li>Prepare geo-referenced data for upload to Geographic Information System (GIS)<\/li>\n<li>Lay out an excavation unit<\/li>\n<li>Accurately draw artifacts and map architectural remains<\/li>\n<li>Clean, catalog, and preserve recovered artifacts<\/li>\n<li>Recognize ceramic typologies of the Eastern Mediterranean region<\/li>\n<li>Create publication quality photographic\u00a0data<\/li>\n<\/ol>\n<h3>Assessment:<\/h3>\n<p>The internship will be evaluated according to the following criteria:<\/p>\n<p><em>Good citizenship and active participation (25%).<\/em><\/p>\n<ul>\n<li>interns must participate actively as responsible, self-starting members of the Acropolis research team. This means being on the site every day, doing lab work and and data entry, going on field trips, attending lectures, doing a weekly blog entry, taking part in discussions, doing some independent reading, and completing and assigned duties.<\/li>\n<\/ul>\n<p><em>Site Blog (5%).<\/em><\/p>\n<ul>\n<li>On a weekly basis, each intern will contribute to the official St Olaf Antiochia 2015 Field School Blog.\u00a0 Contributions will contain both text and photos and will be professional in tone and content.\u00a0 All contributions will be reviewed\u00a0by Tim Howe for approval before final posting.<\/li>\n<\/ul>\n<p><em>Field notebook, daily excavation update, and weekly site report (25%).<\/em><\/p>\n<ul>\n<li>Each intern will keep a site notebook containing detailed notes describing, day by day, what has been found in the student&#8217;s unit; that is, what soils have been encountered, what features and artifacts identified, etc. <a href=\"https:\/\/pages.stolaf.edu\/wp-content\/uploads\/sites\/293\/2015\/06\/Sample-notebook-entry.pdf\">Sample notebook entry<\/a><\/li>\n<li>Each day, a different intern, selected by the leadership team, will provide a summary of previous work, based\u00a0on the notebook about the excavation unit his or her research team is digging.<\/li>\n<li>Each week, usually on Fridays, the entire excavation team will go around the site as a group and each intern will give a report based on the notebook about the excavation unit he or she is digging.<\/li>\n<\/ul>\n<p><em>Final Field Practicum (25%).<\/em><\/p>\n<ul>\n<li>The Field Practicum is an individual practical demonstration in which each intern performs field procedures including, but not limited to, identification of artifacts, identification of soils, and identification of features. The practicum will conclude with a 8 minute oral assessment and interpretation of the historical and cultural significance of artifacts and features in site. Practica will be held during the final week of excavation and should be seen as a summative experience.<em>Site Report (20%)\u00a0<\/em><\/li>\n<li>Each intern will write a final site report (5-7 pages) interpreting the historical context of the artefacts and features unearthed in his or her unit. \u00a0This paper will be formal in nature and will conform to all standard stylistic conventions regarding bibliography and citation.<\/li>\n<\/ul>\n<h3>Daily Work Schedule (M-F):<\/h3>\n<p>5:30 AM Depart from Dig House<br \/>\n6:00 AM Breakfast<br \/>\n6:30 AM Start of Work<br \/>\n10:00 AM Break<br \/>\n10:30 AM Return to Work<br \/>\n1:00 PM Lunch<br \/>\n2:00 PM\u00a0Return to Dig House<br \/>\n4:00 PM Artifact Analysis, Processing, Interpretation and Lab Work<br \/>\n7:00 PM Dinner at Dig House<br \/>\n7:30 PM Discussion<\/p>\n<h3>Readings Before Arrival:<\/h3>\n<p><strong><span style=\"text-decoration: underline;\">Contextual Background on Antiochia<\/span><\/strong><\/p>\n<p><a href=\"https:\/\/pages.stolaf.edu\/antiochia2014\/wp-content\/uploads\/sites\/293\/2024\/06\/Between-the-Local-and-the-Global.pdf\">Howe, T. \u201cBetween the Local and the Global: Intersectional Elites at Antiochia ad Cragum in Roman Rough Cilicia.\u201d In H. Beck and S. Ager (eds.), <em>Localism in the Hellenistic World<\/em>. Toronto: University of Toronto Press, 2024, 350-365<\/a><\/p>\n<p><a href=\"https:\/\/pages.stolaf.edu\/antiochia2014\/wp-content\/uploads\/sites\/293\/2023\/06\/Hansen.pdf\">Hansen, M. H.. <em>Polis: An Introduction to the Ancient Greek City-State<\/em>, 33-61. Oxford: Oxford\u00a0 University Press, 2006.<\/a><\/p>\n<p><a href=\"https:\/\/pages.stolaf.edu\/antiochia2014\/wp-content\/uploads\/sites\/293\/2023\/06\/Sherwin-White.pdf\">Sherwin-White, A. \u201cRome, Pamphylia and Cilicia, 133-70 B.C.\u201d <em>The Journal of Roman Studies<\/em> 66 (1976): 1-14.<\/a><\/p>\n<p><a href=\"https:\/\/pages.stolaf.edu\/antiochia2014\/wp-content\/uploads\/sites\/293\/2023\/06\/Spiedel.pdf\">Speidel, M; \u201cEarly Roman Rule in Commagene<em>.&#8221;<\/em> In <em>Heer und Herrschaft im R\u00f6mischen Reich der Hohen Kaiserzeit<\/em>, 563-580. Stuttgart 2009.\u00a0<\/a><\/p>\n<p><a href=\"https:\/\/pages.stolaf.edu\/antiochia2014\/wp-content\/uploads\/sites\/293\/2023\/06\/Revell.pdf\">Revell, L. \u201cLiving the Urban Ideal.\u201d In <i>Roman Imperialism and Local Identities, <\/i>40-79. Cambridge: Cambridge University Press, 2009.\u00a0<\/a><\/p>\n<p><a href=\"https:\/\/pages.stolaf.edu\/wp-content\/uploads\/sites\/293\/2015\/06\/Life-in-City-and-Country.pdf\">Foss, C. (2002) \u201cLife in City and Country,\u201d in C. Mango, ed., <em>Oxford History of Byzantium<\/em>, 71-95. Oxford.<\/a><\/p>\n<p><a href=\"https:\/\/pages.stolaf.edu\/wp-content\/uploads\/sites\/293\/2015\/06\/Housing-and-Households.pdf\">Nevett, L.\u00a0 and B. Bergamann (2012), \u201cHousing and Households,\u201d in Alcock and Osborne, <em>Classical Archaeology<\/em>,\u00a0207-248.<\/a><\/p>\n<p><a href=\"https:\/\/pages.stolaf.edu\/antiochia2014\/wp-content\/uploads\/sites\/293\/2023\/05\/Urban-Housing-in-Asia-Minor-copy.pdf\">Utterhoeven, I. &#8220;A change of appearance. Urban housing in Asia Minor during the sixth century.&#8221; In Jacobs and Elton, <em>Asia Minor in the Long Sixth\u00a0 \u00a0Century<\/em>, Oxford (2019): 9-23.\u00a0<\/a><\/p>\n<p><strong><span style=\"text-decoration: underline;\">Archaeological Methods, Ethics and Techniques<br \/>\n<\/span><\/strong><\/p>\n<p><a href=\"https:\/\/pages.stolaf.edu\/antiochia2014\/wp-content\/uploads\/sites\/293\/2025\/05\/Dallen-and-Tahan-.pdf\">Timothy, D. J. and L. G. Tahan (2020). \u201cArchaeology and Tourism: Consuming, Managing and Protecting the Human Past.\u201d In Timothy, D. J. and L. G. Tahan (eds.), <em>Archaeology and Tourism<\/em>, 1-25. Bristol: Chanel View.<\/a><\/p>\n<p><a href=\"https:\/\/pages.stolaf.edu\/wp-content\/uploads\/sites\/293\/2015\/06\/What-is-Classical-Archaeology.pdf\">M. Millet, (2012), \u201cWhat is Classical Archaeology?\u201d in Alcock and Osborne, <em>Classical Archaeology<\/em>, 30-50.<\/a><\/p>\n<p><a href=\"https:\/\/pages.stolaf.edu\/antiochia2014\/wp-content\/uploads\/sites\/293\/2023\/03\/Archaeological-Ethics.pdf\">McGill, D., C. Colwell-Chanthaphonah and J. Hollowell. (2012) \u201cArchaeological Ethics.\u201d In R. Chadwick (ed.), <em>Encyclopedia of Applied Ethics<\/em>, Second Edition, volume 1, 179-88, San Diego: Academic Press.<\/a><\/p>\n<p><a href=\"https:\/\/pages.stolaf.edu\/wp-content\/uploads\/sites\/293\/2015\/06\/Goals-of-Archaeological-Excavation.pdf\">H. Shafer, (2009) &#8220;The Goals of Archaeological Excavation, &#8221; T. R. Hester et al., <em>Field Methods in Archaeology, 5-20<\/em><\/a><\/p>\n<p><a href=\"https:\/\/pages.stolaf.edu\/wp-content\/uploads\/sites\/293\/2015\/06\/Field-Methods-in-Archaeology1.pdf\">T. R. Hester et al., (2009),<em> Field Methods in Archaeology<\/em>, 69-112.<\/a><\/p>\n<p><a href=\"https:\/\/pages.stolaf.edu\/wp-content\/uploads\/sites\/293\/2015\/06\/Field-Methods-in-Archaeology2.pdf\">T. R. Hester et al., (2009),<em> Field Methods in Archaeology<\/em>, 235-252<\/a>.<\/p>\n<h3>Discussions and Practica:<\/h3>\n<p>Discussions\u00a0 happen in\u00a0the evening, after the 7:30 pm dinner at the Dig House and will be\u00a0no longer that one hour. All Practica will take place on site, during work\u00a0hours.\u00a0 Please note: all\u00a0discussions, presentations, site tours and practica are mandatory. Note\u00a0Further: all readings must be completed before the practicum or discussion\u00a0to which they have been assigned.<\/p>\n<h3>WEEK ONE<\/h3>\n<p><strong><span style=\"text-decoration: underline;\">Saturday, 11 July, ARRIVAL<\/span><\/strong><\/p>\n<p>&nbsp;<\/p>\n<\/div>\n<p><span style=\"text-decoration: underline;\"><strong>Sunday 12 July<br \/>\n<\/strong><\/span>orientation\/arrival day<\/p>\n<p>Field Trip: <a href=\"https:\/\/en.wikipedia.org\/wiki\/Selinus_(Cilicia)#:~:text=Selinus%20or%20Selinous%20(Ancient%20Greek,name%2C%20now%20called%20Musa%20%C3%87ay.\">Ancient Selinus<\/a><\/p>\n<div id=\"page-wrap\" style=\"margin: auto;\">\n<h3><\/h3>\n<h3>WEEK TWO<\/h3>\n<p><span style=\"text-decoration: underline;\"><strong>\u00a0Monday 13 July<\/strong><\/span><\/p>\n<p>Daily Work<\/p>\n<p><span style=\"color: #ff0000;\"><em>Practicum<br \/>\n<\/em><\/span>\u201cTools, Techniques and Trenches,\u201d<br \/>\nReview T. R. Hester et al., (2009),\u00a0<em>Field Methods in Archaeology<\/em>, 59-112<\/p>\n<p><span style=\"text-decoration: underline;\"><strong>Tuesday, 14 July<\/strong><\/span><\/p>\n<p><span style=\"color: #ff0000;\"><em>Practicum<br \/>\n<\/em><\/span>\u201cMeasurements, Record-keeping, Notebooks and Locus Sheets,\u201d<\/p>\n<p><span style=\"color: #339966;\"><em>Post Dinner Discussion<\/em><\/span>:<br \/>\n\u201cSettled Landscapes: Humans, Plants and Animals,\u201d<\/p>\n<p><a href=\"https:\/\/pages.stolaf.edu\/wp-content\/uploads\/sites\/293\/2015\/06\/HE1.pdf\">L.\u00a0Foxhall\u00a0M. Jones and H. Forbes\u00a0(2012), \u201cHuman Ecology and the\u00a0Classical Landscape,\u201d in Alcock and Osborne,\u00a0<em>Classical Archaeology<\/em>,\u00a091-121.<\/a><\/p>\n<p><a href=\"https:\/\/pages.stolaf.edu\/wp-content\/uploads\/sites\/293\/2015\/06\/Ruined-Landscapes-and-the-Question-of-Desertification.pdf\">O. Rackham and A. T. Grove (2003), \u201cIntroduction:\u00a0Ruined Landscapes\u00a0and the Question of Desertification,&#8221; in O\u00a0Rackham\u00a0and A. T. Grove, <em>The\u00a0Nature\u00a0of Mediterranean Europe: An Ecological History<\/em>, 8-24.<\/a><\/p>\n<p><span style=\"text-decoration: underline;\"><strong>Wednesday 15 July *Democracy and Unity Day)<\/strong><\/span><\/p>\n<p>Government Holiday<\/p>\n<p><span style=\"text-decoration: underline;\"><strong>Thursday, 16 July<\/strong><\/span><\/p>\n<p><span style=\"color: #ff0000;\"><em>Practicum<\/em><\/span><br \/>\n\u201cSoils, Stones and Stratigraphy,\u201d<\/p>\n<p>Review: T. R. Hester et al.,\u00a0(2009), <em>Field Methods in Archaeology<\/em>,235-252.<\/p>\n<p><span style=\"text-decoration: underline;\"><strong>Friday, 17 July<\/strong><\/span><\/p>\n<p>Daily Work<\/p>\n<p><strong><em>Site Tour\u00a0<\/em><\/strong><\/p>\n<p>Group Swim at &#8220;Pirate Cove&#8221;<\/p>\n<p><span style=\"text-decoration: underline;\"><strong>Saturday, 18 July: Field Trip: <a href=\"https:\/\/antalyatouristinformation.com\/things-to-do\/canyon\/sapadere\/\">Sapadere Canyon<\/a><\/strong><\/span><\/p>\n<p><span style=\"text-decoration: underline;\"><strong>Sunday, 19 July: Free Day: no meals at the Dig House\u00a0<\/strong><\/span><\/p>\n<h3>WEEK THREE<\/h3>\n<p><strong><span style=\"text-decoration: underline;\">Monday, 20 July<\/span><\/strong><\/p>\n<p><span style=\"color: #339966;\"><em>Post Dinner Discussion<\/em><\/span><br \/>\n\u201cHousing and Houses, Roman Style,\u201d<\/p>\n<p><a href=\"https:\/\/pages.stolaf.edu\/antiochia2014\/wp-content\/uploads\/sites\/293\/2023\/06\/Public-Use-and-Privacy-in-Late-Antique-Houses-in-Asia-Minor-the-Architecture-of-Spatial-Control.pdf\">\u00d6zgenel, L. &#8220;Public Use and Privacy in Late Antique Houses in Asia Minor: The Architecture of Spacial Control. In L. Lavan et al., eds.\u00a0<em>From Palaces to Shops<\/em>, Vol 3.2: 239-281. Leiden, Brill: 2007.<\/a><\/p>\n<p><a href=\"https:\/\/pages.stolaf.edu\/antiochia2014\/wp-content\/uploads\/sites\/293\/2023\/06\/Representation-and-Display-in-Late-Antique-Houses.pdf\">Uvtterhoeven, I. &#8220;Splendid Luxury. Representation and Display in the Roman and Late Antique Urban Elite Houses of Asia Minor.&#8221; In I. Uvtterhoeven and A. Ricci, eds.,\u00a0<em>The Palimpsest of the House<\/em>, 123-146. Istanbul: Ko\u00e7 University Press, 2022.<\/a><\/p>\n<p><span style=\"text-decoration: underline;\"><strong>Tuesday, 21 July<\/strong><\/span><\/p>\n<p>Daily Work<\/p>\n<p><span style=\"text-decoration: underline;\"><strong>Wednesday, 22 July<\/strong><\/span><\/p>\n<p>Daily Work<br \/>\n<em><span style=\"color: #ff0000;\">Practicum<\/span><\/em><br \/>\n\u201cExcavating objects: pottery, coins, walls and wall-like features,\u201d<\/p>\n<p><span style=\"text-decoration: underline;\"><strong>Thursday, 23 July<\/strong><\/span><\/p>\n<p>Daily Work<\/p>\n<p><span style=\"text-decoration: underline;\"><strong>Friday, 24 July<\/strong><\/span><\/p>\n<p>Daily Work<\/p>\n<p><strong><em>Site Tour\u00a0<\/em><\/strong><\/p>\n<p>Group Swim at &#8220;Pirate Cove&#8221;<\/p>\n<p><span style=\"text-decoration: underline;\"><strong>Saturday, 25 July: Field Trip: <a href=\"https:\/\/en.wikipedia.org\/wiki\/Syedra\">Syedra<\/a><\/strong><\/span><\/p>\n<p><span style=\"text-decoration: underline;\"><strong> Sunday, 26 July: Free Day: no meals at the Dig House<\/strong><\/span><\/p>\n<h3>WEEK FOUR<\/h3>\n<p><span style=\"text-decoration: underline;\"><strong>Monday, 27 July<\/strong><\/span><\/p>\n<p>Daily Work<\/p>\n<p><span style=\"color: #339966;\"><em>Post Dinner\u00a0Discussion<\/em><\/span><br \/>\n\u201cMediterranean Geology and Seismology,\u201d<\/p>\n<p style=\"padding-left: 30px;\"><a href=\"https:\/\/pages.stolaf.edu\/wp-content\/uploads\/sites\/293\/2015\/06\/Geological-Companion-to-Greece-and-the-Aegean.pdf\">M.D. Higgins and R. A. Higgins (1996), \u201cThe Geologic Background,\u201dand\u201cThe Geologic History of \u00a0 the\u00a0Mediterranean,\u201d\u00a0in\u00a0Higgins and \u00a0Higgins, <em>Geological\u00a0Companion to Greece and the Aegean<\/em>,\u00a01-25<\/a><\/p>\n<p>\u00a0 \u00a0 \u00a0 \u00a0<a href=\"https:\/\/pages.stolaf.edu\/antiochia2014\/wp-content\/uploads\/sites\/293\/2024\/06\/Historical-Seismology.pdf\">L. Mordechai (2024). &#8220;Historical Seismology,&#8221; in A. Izdebski and J. Preiser-Kapeller, eds. A Companion to the Environmental History of <\/a>Byzantium. Leiden: Brill, 162-78.<\/p>\n<p><span style=\"text-decoration: underline;\"><strong>Tuesday, 28 July<\/strong><\/span><\/p>\n<p>Daily Work<\/p>\n<p><span style=\"text-decoration: underline;\"><strong>Wednesday, 29 July\u00a0<\/strong><\/span><\/p>\n<p>Daily Work<\/p>\n<p><span style=\"text-decoration: underline;\"><strong>Thursday, 30 July<\/strong><\/span><\/p>\n<p>Daily Work<\/p>\n<p><strong><span style=\"text-decoration: underline;\">Friday, 31 July<\/span><\/strong><\/p>\n<p>Daily Work<\/p>\n<p><strong><em>Site Tour<\/em><\/strong><\/p>\n<p>Group Swim at &#8220;Pirate Cove&#8221;<\/p>\n<p><span style=\"text-decoration: underline;\"><strong>Saturday, 1 Aug: Field Trip: <a href=\"https:\/\/mindtrip.ai\/attraction\/gazipasa-antalya\/lamos\/at-WGWmxH59\">Lamos<\/a><\/strong><\/span><\/p>\n<p><span style=\"text-decoration: underline;\"><strong>Sunday, 2 Aug: Free Day: no meals at the Dig House<\/strong><\/span><\/p>\n<h3>WEEK FIVE<\/h3>\n<p><strong><span style=\"text-decoration: underline;\">Monday, 3 Aug<\/span><\/strong><\/p>\n<p>Daily Work<\/p>\n<p><span style=\"color: #008000;\"><em>Post Dinner Discussion<\/em><\/span><br \/>\n\u201cAncient and Modern: the politics of archaeology,\u201d<\/p>\n<p><a href=\"https:\/\/pages.stolaf.edu\/wp-content\/uploads\/sites\/293\/2015\/06\/Classical_Archaeology_of_Greece_Experiences_of_the_Discipline_7_ARCHAEOLOGY_CLASSICS_AND_CONTEMPORARY_CULTURE.pdf\">M.\u00a0Shanks (1996), \u201cArchaeology, Classics and Contemporary Culture,\u201d in\u00a0Shanks,<em> Classical\u00a0Archaeology<\/em>, 167-180.<\/a><br \/>\n<a href=\"https:\/\/pages.stolaf.edu\/wp-content\/uploads\/sites\/293\/2015\/06\/GUR_Excavating_Anatolian_PastUpdated_May_2012.pdf\">Gur, A. (2011),\u00a0in Gur, \u201cPolitical Excavations of the Anatolian Past:\u00a0Nationalism\u00a0and Archaeology in Turkey,\u201d <em>Controlling the Past, Owning the\u00a0Future: The Political\u00a0<\/em><em>Uses of Archaeology in the Middle East<\/em>, 1-38<\/a><\/p>\n<p><span style=\"text-decoration: underline;\"><strong>Tuesday, 4 Aug<\/strong><\/span><\/p>\n<p>Daily Work<\/p>\n<p><span style=\"text-decoration: underline;\"><strong>Wednesday, 5 Aug<\/strong><\/span><\/p>\n<p>Daily Work<\/p>\n<p><span style=\"text-decoration: underline;\"><strong>Thursday,\u00a0 6 Aug<\/strong><\/span><\/p>\n<p>Daily Work<\/p>\n<p><strong><span style=\"color: #339966;\"><em>Post Dinner Discussion<\/em><\/span><\/strong><span style=\"text-decoration: underline;\"><strong><br \/>\n<\/strong><\/span><strong>\u201cDrawing Conclusions\u2014so you worked on a dig in Turkey\u2026. What can you do with that?\u201d<\/strong><\/p>\n<p><span style=\"text-decoration: underline;\"><strong>Friday, 7 Aug<\/strong><\/span><\/p>\n<p>Free Day\/Departure<\/p>\n<p><span style=\"text-decoration: underline;\"><strong>Saturday, 8 Aug<\/strong><\/span><\/p>\n<p>Departure<\/p>\n<p>&nbsp;<\/p>\n<\/div>\n","protected":false},"excerpt":{"rendered":"<p>&nbsp; The collaborative research internship at Antiochia is intended to expose St. Olaf students to archaeological methodologies as well as the cultural heritage, the history, and field practices employed by ancient historians when studying ancient cultures. The 2026 season will focus on the Early Christian and Cilcian Pirate\/Imperial Roman community at the site of Antiochia [&hellip;]<\/p>\n","protected":false},"author":842,"featured_media":0,"parent":0,"menu_order":0,"comment_status":"closed","ping_status":"closed","template":"","meta":{"_et_pb_use_builder":"","_et_pb_old_content":"","_et_gb_content_width":"","jetpack_post_was_ever_published":false,"footnotes":""},"class_list":["post-119","page","type-page","status-publish","hentry"],"jetpack_sharing_enabled":true,"jetpack_shortlink":"https:\/\/wp.me\/P4Iz8A-1V","_links":{"self":[{"href":"https:\/\/pages.stolaf.edu\/antiochia2014\/wp-json\/wp\/v2\/pages\/119","targetHints":{"allow":["GET"]}}],"collection":[{"href":"https:\/\/pages.stolaf.edu\/antiochia2014\/wp-json\/wp\/v2\/pages"}],"about":[{"href":"https:\/\/pages.stolaf.edu\/antiochia2014\/wp-json\/wp\/v2\/types\/page"}],"author":[{"embeddable":true,"href":"https:\/\/pages.stolaf.edu\/antiochia2014\/wp-json\/wp\/v2\/users\/842"}],"replies":[{"embeddable":true,"href":"https:\/\/pages.stolaf.edu\/antiochia2014\/wp-json\/wp\/v2\/comments?post=119"}],"version-history":[{"count":65,"href":"https:\/\/pages.stolaf.edu\/antiochia2014\/wp-json\/wp\/v2\/pages\/119\/revisions"}],"predecessor-version":[{"id":3661,"href":"https:\/\/pages.stolaf.edu\/antiochia2014\/wp-json\/wp\/v2\/pages\/119\/revisions\/3661"}],"wp:attachment":[{"href":"https:\/\/pages.stolaf.edu\/antiochia2014\/wp-json\/wp\/v2\/media?parent=119"}],"curies":[{"name":"wp","href":"https:\/\/api.w.org\/{rel}","templated":true}]}}